{"id":1419,"date":"2023-08-26T11:42:04","date_gmt":"2023-08-26T11:42:04","guid":{"rendered":"https:\/\/fantazie.net\/?page_id=1419"},"modified":"2023-08-26T14:52:11","modified_gmt":"2023-08-26T14:52:11","slug":"jumanji-i","status":"publish","type":"page","link":"https:\/\/fantazie.net\/index.php\/jumanji-i\/","title":{"rendered":"Jumanji I"},"content":{"rendered":"\t\t<div data-elementor-type=\"wp-page\" data-elementor-id=\"1419\" class=\"elementor elementor-1419\">\n\t\t\t\t\t\t<section class=\"elementor-section elementor-top-section elementor-element elementor-element-5da2b6b1 elementor-section-full_width elementor-section-height-default elementor-section-height-default\" data-id=\"5da2b6b1\" data-element_type=\"section\" data-e-type=\"section\">\n\t\t\t\t\t\t<div class=\"elementor-container elementor-column-gap-default\">\n\t\t\t\t\t<div class=\"elementor-column elementor-col-100 elementor-top-column elementor-element elementor-element-7e4a6ff8\" data-id=\"7e4a6ff8\" data-element_type=\"column\" data-e-type=\"column\">\n\t\t\t<div class=\"elementor-widget-wrap elementor-element-populated\">\n\t\t\t\t\t\t<div class=\"elementor-element elementor-element-892a43b elementor-widget elementor-widget-heading\" data-id=\"892a43b\" data-element_type=\"widget\" data-e-type=\"widget\" data-widget_type=\"heading.default\">\n\t\t\t\t<div class=\"elementor-widget-container\">\n\t\t\t\t\t<h1 class=\"elementor-heading-title elementor-size-default\">Fotky z t\u00e1bora<\/h1>\t\t\t\t<\/div>\n\t\t\t\t<\/div>\n\t\t\t\t\t<\/div>\n\t\t<\/div>\n\t\t\t\t\t<\/div>\n\t\t<\/section>\n\t\t\t\t<section class=\"elementor-section elementor-top-section elementor-element elementor-element-7794234f elementor-section-boxed elementor-section-height-default elementor-section-height-default\" data-id=\"7794234f\" data-element_type=\"section\" data-e-type=\"section\">\n\t\t\t\t\t\t<div class=\"elementor-container elementor-column-gap-default\">\n\t\t\t\t\t<div class=\"elementor-column elementor-col-50 elementor-top-column elementor-element elementor-element-17328495\" data-id=\"17328495\" data-element_type=\"column\" data-e-type=\"column\">\n\t\t\t<div class=\"elementor-widget-wrap elementor-element-populated\">\n\t\t\t\t\t\t<div class=\"elementor-element elementor-element-41e53bd3 elementor-widget elementor-widget-heading\" data-id=\"41e53bd3\" data-element_type=\"widget\" data-e-type=\"widget\" data-widget_type=\"heading.default\">\n\t\t\t\t<div class=\"elementor-widget-container\">\n\t\t\t\t\t<h2 class=\"elementor-heading-title elementor-size-default\">Jumanji I<\/h2>\t\t\t\t<\/div>\n\t\t\t\t<\/div>\n\t\t\t\t<div class=\"elementor-element elementor-element-7824958f elementor-widget elementor-widget-text-editor\" data-id=\"7824958f\" data-element_type=\"widget\" data-e-type=\"widget\" data-widget_type=\"text-editor.default\">\n\t\t\t\t<div class=\"elementor-widget-container\">\n\t\t\t\t\t\t\t\t\t<p style=\"font-variant-ligatures: normal; font-variant-caps: normal; font-family: Roboto, sans-serif; font-size: 14px; font-style: normal; font-weight: 400; text-align: justify;\"><span style=\"font-size: 14px; font-weight: 400;\">Ub\u011bhlo u\u017e n\u011bkolik let od posledn\u00ed hry Jumanji, nikdo o n\u00ed u\u017e dlouho nesly\u0161el. Jedin\u00e9, co v\u00edme je, \u017ee posledn\u00ed majitel se j\u00ed sna\u017eil zni\u010dit, ale neusp\u011bl. Bohu\u017eel p\u0159i pokusu o zni\u010den\u00ed, se mu j\u00ed poda\u0159ilo po\u0161kodit, co\u017e na n\u011bjakou dobu hru zastavilo. Aby se ji\u017e nikomu hra nedostala do rukou, tak hru schoval pod zem kdesi v\u00a0kopc\u00edch. T\u00edm se na ni t\u00e9m\u011b\u0159 zapomn\u011blo. Jen\u017ee nic nen\u00ed nav\u017edy a hra je pln\u00e1 magie a st\u00e1le aktivn\u00ed.\u00a0<\/span><\/p><p style=\"font-variant-ligatures: normal; font-variant-caps: normal; font-family: Roboto, sans-serif; font-size: 14px; font-style: normal; font-weight: 400; text-align: justify;\"><span style=\"font-size: 14px; font-weight: 400;\">V posledn\u00edch letech, se za\u010d\u00edn\u00e1 prosl\u00fdchat o zvl\u00e1\u0161tn\u00edch bytostech a monstrech, kter\u00e9 se pr\u00fd ob\u010das objevuj\u00ed nedaleko odsud. Ka\u017edop\u00e1dn\u011b pro lidi jsou to jen b\u00e1chorky a pov\u011bry. Jen\u017ee, v\u011bt\u0161ina b\u00e1chorek n\u011bkde musela vzniknout. Proto se vyd\u00e1v\u00e1me na m\u00edsto, odkud tyto b\u00e1chorky poch\u00e1z\u00ed.\u00a0<\/span>Chcete tak\u00e9 s n\u00e1mi prozkoumat tajemstv\u00ed sv\u011bta Jumanji? P\u0159idejte se k n\u00e1m a u\u017eijte si t\u00e1bor s Fantazi\u00ed!<\/p>\t\t\t\t\t\t\t\t<\/div>\n\t\t\t\t<\/div>\n\t\t\t\t\t<\/div>\n\t\t<\/div>\n\t\t\t\t<div class=\"elementor-column elementor-col-50 elementor-top-column elementor-element elementor-element-578b60c4\" data-id=\"578b60c4\" data-element_type=\"column\" data-e-type=\"column\">\n\t\t\t<div class=\"elementor-widget-wrap elementor-element-populated\">\n\t\t\t\t\t\t<div class=\"elementor-element elementor-element-4bc02e05 elementor-widget elementor-widget-image\" data-id=\"4bc02e05\" data-element_type=\"widget\" data-e-type=\"widget\" data-widget_type=\"image.default\">\n\t\t\t\t<div class=\"elementor-widget-container\">\n\t\t\t\t\t\t\t\t\t\t\t\t\t\t\t\t<a href=\"https:\/\/guiseppenas.quickconnect.to\/mo\/sharing\/eNI0dQsSf\" target=\"_blank\">\n\t\t\t\t\t\t\t<img fetchpriority=\"high\" decoding=\"async\" width=\"1024\" height=\"682\" src=\"https:\/\/fantazie.net\/wp-content\/uploads\/2023\/08\/JumanjiI-F-1024x682.jpg\" class=\"elementor-animation-bounce-out attachment-large size-large wp-image-1529\" alt=\"\" srcset=\"https:\/\/fantazie.net\/wp-content\/uploads\/2023\/08\/JumanjiI-F-1024x682.jpg 1024w, https:\/\/fantazie.net\/wp-content\/uploads\/2023\/08\/JumanjiI-F-300x200.jpg 300w, https:\/\/fantazie.net\/wp-content\/uploads\/2023\/08\/JumanjiI-F-768x512.jpg 768w, https:\/\/fantazie.net\/wp-content\/uploads\/2023\/08\/JumanjiI-F-1536x1024.jpg 1536w, https:\/\/fantazie.net\/wp-content\/uploads\/2023\/08\/JumanjiI-F.jpg 2000w\" sizes=\"(max-width: 1024px) 100vw, 1024px\" \/>\t\t\t\t\t\t\t\t<\/a>\n\t\t\t\t\t\t\t\t\t\t\t\t\t\t\t<\/div>\n\t\t\t\t<\/div>\n\t\t\t\t\t<\/div>\n\t\t<\/div>\n\t\t\t\t\t<\/div>\n\t\t<\/section>\n\t\t\t\t<section class=\"elementor-section elementor-top-section elementor-element elementor-element-6edb25c4 elementor-section-boxed elementor-section-height-default elementor-section-height-default\" data-id=\"6edb25c4\" data-element_type=\"section\" data-e-type=\"section\">\n\t\t\t\t\t\t<div class=\"elementor-container elementor-column-gap-default\">\n\t\t\t\t\t<div class=\"elementor-column elementor-col-100 elementor-top-column elementor-element elementor-element-4cd85160\" data-id=\"4cd85160\" data-element_type=\"column\" data-e-type=\"column\">\n\t\t\t<div class=\"elementor-widget-wrap elementor-element-populated\">\n\t\t\t\t\t\t<div class=\"elementor-element elementor-element-7bed6f88 elementor-widget elementor-widget-heading\" data-id=\"7bed6f88\" data-element_type=\"widget\" data-e-type=\"widget\" data-widget_type=\"heading.default\">\n\t\t\t\t<div class=\"elementor-widget-container\">\n\t\t\t\t\t<h1 class=\"elementor-heading-title elementor-size-default\">Noviny<\/h1>\t\t\t\t<\/div>\n\t\t\t\t<\/div>\n\t\t\t\t\t<\/div>\n\t\t<\/div>\n\t\t\t\t\t<\/div>\n\t\t<\/section>\n\t\t\t\t<section class=\"elementor-section elementor-top-section elementor-element elementor-element-8b6213a elementor-section-boxed elementor-section-height-default elementor-section-height-default\" data-id=\"8b6213a\" data-element_type=\"section\" data-e-type=\"section\">\n\t\t\t\t\t\t<div class=\"elementor-container elementor-column-gap-default\">\n\t\t\t\t\t<div class=\"elementor-column elementor-col-100 elementor-top-column elementor-element elementor-element-8335abd\" data-id=\"8335abd\" data-element_type=\"column\" data-e-type=\"column\">\n\t\t\t<div class=\"elementor-widget-wrap elementor-element-populated\">\n\t\t\t\t\t\t<div class=\"elementor-element elementor-element-24ac6ab elementor-icon-list--layout-traditional elementor-list-item-link-full_width elementor-widget elementor-widget-icon-list\" data-id=\"24ac6ab\" data-element_type=\"widget\" data-e-type=\"widget\" data-widget_type=\"icon-list.default\">\n\t\t\t\t<div class=\"elementor-widget-container\">\n\t\t\t\t\t\t\t<ul class=\"elementor-icon-list-items\">\n\t\t\t\t\t\t\t<li class=\"elementor-icon-list-item\">\n\t\t\t\t\t\t\t\t\t\t\t<a href=\"https:\/\/fantazie.net\/wp-content\/uploads\/2023\/07\/DROBOTROP-1.pdf\">\n\n\t\t\t\t\t\t\t\t\t\t\t\t<span class=\"elementor-icon-list-icon\">\n\t\t\t\t\t\t\t<i aria-hidden=\"true\" class=\"far fa-arrow-alt-circle-down\"><\/i>\t\t\t\t\t\t<\/span>\n\t\t\t\t\t\t\t\t\t\t<span class=\"elementor-icon-list-text\">Drobotrop 1<\/span>\n\t\t\t\t\t\t\t\t\t\t\t<\/a>\n\t\t\t\t\t\t\t\t\t<\/li>\n\t\t\t\t\t\t\t\t<li class=\"elementor-icon-list-item\">\n\t\t\t\t\t\t\t\t\t\t\t<a href=\"https:\/\/fantazie.net\/wp-content\/uploads\/2023\/07\/DROBOTROP-2.pdf\">\n\n\t\t\t\t\t\t\t\t\t\t\t\t<span class=\"elementor-icon-list-icon\">\n\t\t\t\t\t\t\t<i aria-hidden=\"true\" class=\"far fa-arrow-alt-circle-down\"><\/i>\t\t\t\t\t\t<\/span>\n\t\t\t\t\t\t\t\t\t\t<span class=\"elementor-icon-list-text\">Drobotrop 2<\/span>\n\t\t\t\t\t\t\t\t\t\t\t<\/a>\n\t\t\t\t\t\t\t\t\t<\/li>\n\t\t\t\t\t\t\t\t<li class=\"elementor-icon-list-item\">\n\t\t\t\t\t\t\t\t\t\t\t<a href=\"https:\/\/fantazie.net\/wp-content\/uploads\/2023\/07\/DROBOTROP-3.pdf\">\n\n\t\t\t\t\t\t\t\t\t\t\t\t<span class=\"elementor-icon-list-icon\">\n\t\t\t\t\t\t\t<i aria-hidden=\"true\" class=\"far fa-arrow-alt-circle-down\"><\/i>\t\t\t\t\t\t<\/span>\n\t\t\t\t\t\t\t\t\t\t<span class=\"elementor-icon-list-text\">Drobotrop 3<\/span>\n\t\t\t\t\t\t\t\t\t\t\t<\/a>\n\t\t\t\t\t\t\t\t\t<\/li>\n\t\t\t\t\t\t\t\t<li class=\"elementor-icon-list-item\">\n\t\t\t\t\t\t\t\t\t\t\t<a href=\"https:\/\/fantazie.net\/wp-content\/uploads\/2023\/07\/DROBOTROP-4.pdf\">\n\n\t\t\t\t\t\t\t\t\t\t\t\t<span class=\"elementor-icon-list-icon\">\n\t\t\t\t\t\t\t<i aria-hidden=\"true\" class=\"far fa-arrow-alt-circle-down\"><\/i>\t\t\t\t\t\t<\/span>\n\t\t\t\t\t\t\t\t\t\t<span class=\"elementor-icon-list-text\">Drobotrop 4<span style=\"font-size: 14px;color: var( --e-global-color-secondary )\"><\/span><\/span>\n\t\t\t\t\t\t\t\t\t\t\t<\/a>\n\t\t\t\t\t\t\t\t\t<\/li>\n\t\t\t\t\t\t\t\t<li class=\"elementor-icon-list-item\">\n\t\t\t\t\t\t\t\t\t\t\t<a href=\"https:\/\/fantazie.net\/wp-content\/uploads\/2023\/07\/DROBOTROP-5.pdf\">\n\n\t\t\t\t\t\t\t\t\t\t\t\t<span class=\"elementor-icon-list-icon\">\n\t\t\t\t\t\t\t<i aria-hidden=\"true\" class=\"far fa-arrow-alt-circle-down\"><\/i>\t\t\t\t\t\t<\/span>\n\t\t\t\t\t\t\t\t\t\t<span class=\"elementor-icon-list-text\">Drobotrop 5<\/span>\n\t\t\t\t\t\t\t\t\t\t\t<\/a>\n\t\t\t\t\t\t\t\t\t<\/li>\n\t\t\t\t\t\t<\/ul>\n\t\t\t\t\t\t<\/div>\n\t\t\t\t<\/div>\n\t\t\t\t\t<\/div>\n\t\t<\/div>\n\t\t\t\t\t<\/div>\n\t\t<\/section>\n\t\t\t\t<section class=\"elementor-section elementor-top-section elementor-element elementor-element-ddf3c64 elementor-section-boxed elementor-section-height-default elementor-section-height-default\" data-id=\"ddf3c64\" data-element_type=\"section\" data-e-type=\"section\">\n\t\t\t\t\t\t<div class=\"elementor-container elementor-column-gap-default\">\n\t\t\t\t\t<div class=\"elementor-column elementor-col-100 elementor-top-column elementor-element elementor-element-b4e2fae\" data-id=\"b4e2fae\" data-element_type=\"column\" data-e-type=\"column\">\n\t\t\t<div class=\"elementor-widget-wrap elementor-element-populated\">\n\t\t\t\t\t\t<div class=\"elementor-element elementor-element-e07d991 elementor-widget elementor-widget-heading\" data-id=\"e07d991\" data-element_type=\"widget\" data-e-type=\"widget\" data-widget_type=\"heading.default\">\n\t\t\t\t<div class=\"elementor-widget-container\">\n\t\t\t\t\t<h1 class=\"elementor-heading-title elementor-size-default\">Vedouc\u00ed na tomto turnusu<\/h1>\t\t\t\t<\/div>\n\t\t\t\t<\/div>\n\t\t\t\t\t<\/div>\n\t\t<\/div>\n\t\t\t\t\t<\/div>\n\t\t<\/section>\n\t\t\t\t<section class=\"elementor-section elementor-top-section elementor-element elementor-element-2dd7093b elementor-section-boxed elementor-section-height-default elementor-section-height-default\" data-id=\"2dd7093b\" data-element_type=\"section\" data-e-type=\"section\">\n\t\t\t\t\t\t<div class=\"elementor-container elementor-column-gap-default\">\n\t\t\t\t\t<div class=\"elementor-column elementor-col-25 elementor-top-column elementor-element elementor-element-75c56a33\" data-id=\"75c56a33\" data-element_type=\"column\" data-e-type=\"column\">\n\t\t\t<div class=\"elementor-widget-wrap elementor-element-populated\">\n\t\t\t\t\t\t<div class=\"elementor-element elementor-element-7fcc3d35 elementor-position-top elementor-widget elementor-widget-image-box\" data-id=\"7fcc3d35\" data-element_type=\"widget\" data-e-type=\"widget\" data-widget_type=\"image-box.default\">\n\t\t\t\t<div class=\"elementor-widget-container\">\n\t\t\t\t\t<div class=\"elementor-image-box-wrapper\"><figure class=\"elementor-image-box-img\"><img decoding=\"async\" width=\"385\" height=\"378\" src=\"https:\/\/fantazie.net\/wp-content\/uploads\/2021\/12\/Pepa-e1638906122278-1.jpg\" class=\"attachment-full size-full wp-image-296\" alt=\"\" srcset=\"https:\/\/fantazie.net\/wp-content\/uploads\/2021\/12\/Pepa-e1638906122278-1.jpg 385w, https:\/\/fantazie.net\/wp-content\/uploads\/2021\/12\/Pepa-e1638906122278-1-300x295.jpg 300w\" sizes=\"(max-width: 385px) 100vw, 385px\" \/><\/figure><div class=\"elementor-image-box-content\"><h3 class=\"elementor-image-box-title\">Pepa<\/h3><p class=\"elementor-image-box-description\"><span style=\"font-family: Roboto, sans-serif;font-size: 14px;font-style: normal;font-weight: 400\">HLAVN\u00cd VEDOUC\u00cd\n\nKontakt:\ntel: +420777158745\ne-mail: tabory@fantazie.net<\/span>\n<\/p><\/div><\/div>\t\t\t\t<\/div>\n\t\t\t\t<\/div>\n\t\t\t\t\t<\/div>\n\t\t<\/div>\n\t\t\t\t<div class=\"elementor-column elementor-col-25 elementor-top-column elementor-element elementor-element-7ceb0a08\" data-id=\"7ceb0a08\" data-element_type=\"column\" data-e-type=\"column\">\n\t\t\t<div class=\"elementor-widget-wrap elementor-element-populated\">\n\t\t\t\t\t\t<div class=\"elementor-element elementor-element-ce93eb7 elementor-position-top elementor-widget elementor-widget-image-box\" data-id=\"ce93eb7\" data-element_type=\"widget\" data-e-type=\"widget\" data-widget_type=\"image-box.default\">\n\t\t\t\t<div class=\"elementor-widget-container\">\n\t\t\t\t\t<div class=\"elementor-image-box-wrapper\"><figure class=\"elementor-image-box-img\"><img decoding=\"async\" width=\"738\" height=\"670\" src=\"https:\/\/fantazie.net\/wp-content\/uploads\/2021\/12\/Peta-1.jpg\" class=\"attachment-full size-full wp-image-297\" alt=\"\" srcset=\"https:\/\/fantazie.net\/wp-content\/uploads\/2021\/12\/Peta-1.jpg 738w, https:\/\/fantazie.net\/wp-content\/uploads\/2021\/12\/Peta-1-300x272.jpg 300w\" sizes=\"(max-width: 738px) 100vw, 738px\" \/><\/figure><div class=\"elementor-image-box-content\"><h3 class=\"elementor-image-box-title\">P\u00e9\u0165a<\/h3><p class=\"elementor-image-box-description\">Vedouc\u00ed<\/p><\/div><\/div>\t\t\t\t<\/div>\n\t\t\t\t<\/div>\n\t\t\t\t\t<\/div>\n\t\t<\/div>\n\t\t\t\t<div class=\"elementor-column elementor-col-25 elementor-top-column elementor-element elementor-element-5caef6bd\" data-id=\"5caef6bd\" data-element_type=\"column\" data-e-type=\"column\">\n\t\t\t<div class=\"elementor-widget-wrap elementor-element-populated\">\n\t\t\t\t\t\t<div class=\"elementor-element elementor-element-2a0bfc28 elementor-position-top elementor-widget elementor-widget-image-box\" data-id=\"2a0bfc28\" data-element_type=\"widget\" data-e-type=\"widget\" data-widget_type=\"image-box.default\">\n\t\t\t\t<div class=\"elementor-widget-container\">\n\t\t\t\t\t<div class=\"elementor-image-box-wrapper\"><figure class=\"elementor-image-box-img\"><img loading=\"lazy\" decoding=\"async\" width=\"773\" height=\"695\" src=\"https:\/\/fantazie.net\/wp-content\/uploads\/2021\/12\/Vojta2-1.jpg\" class=\"attachment-full size-full wp-image-301\" alt=\"\" srcset=\"https:\/\/fantazie.net\/wp-content\/uploads\/2021\/12\/Vojta2-1.jpg 773w, https:\/\/fantazie.net\/wp-content\/uploads\/2021\/12\/Vojta2-1-300x270.jpg 300w, https:\/\/fantazie.net\/wp-content\/uploads\/2021\/12\/Vojta2-1-768x691.jpg 768w\" sizes=\"(max-width: 773px) 100vw, 773px\" \/><\/figure><div class=\"elementor-image-box-content\"><h3 class=\"elementor-image-box-title\">Vojta H.<\/h3><p class=\"elementor-image-box-description\">Vedouc\u00ed\n<\/p><\/div><\/div>\t\t\t\t<\/div>\n\t\t\t\t<\/div>\n\t\t\t\t\t<\/div>\n\t\t<\/div>\n\t\t\t\t<div class=\"elementor-column elementor-col-25 elementor-top-column elementor-element elementor-element-0c1db9a\" data-id=\"0c1db9a\" data-element_type=\"column\" data-e-type=\"column\">\n\t\t\t<div class=\"elementor-widget-wrap elementor-element-populated\">\n\t\t\t\t\t\t<div class=\"elementor-element elementor-element-ba7df56 elementor-position-top elementor-widget elementor-widget-image-box\" data-id=\"ba7df56\" data-element_type=\"widget\" data-e-type=\"widget\" data-widget_type=\"image-box.default\">\n\t\t\t\t<div class=\"elementor-widget-container\">\n\t\t\t\t\t<div class=\"elementor-image-box-wrapper\"><figure class=\"elementor-image-box-img\"><img loading=\"lazy\" decoding=\"async\" width=\"460\" height=\"460\" src=\"https:\/\/fantazie.net\/wp-content\/uploads\/2022\/11\/Honza2.jpg\" class=\"attachment-full size-full wp-image-994\" alt=\"\" srcset=\"https:\/\/fantazie.net\/wp-content\/uploads\/2022\/11\/Honza2.jpg 460w, https:\/\/fantazie.net\/wp-content\/uploads\/2022\/11\/Honza2-300x300.jpg 300w, https:\/\/fantazie.net\/wp-content\/uploads\/2022\/11\/Honza2-150x150.jpg 150w\" sizes=\"(max-width: 460px) 100vw, 460px\" \/><\/figure><div class=\"elementor-image-box-content\"><h3 class=\"elementor-image-box-title\">Honza<\/h3><p class=\"elementor-image-box-description\">Vedouc\u00ed\n<\/p><\/div><\/div>\t\t\t\t<\/div>\n\t\t\t\t<\/div>\n\t\t\t\t\t<\/div>\n\t\t<\/div>\n\t\t\t\t\t<\/div>\n\t\t<\/section>\n\t\t\t\t<section class=\"elementor-section elementor-top-section elementor-element elementor-element-16f4fdaf elementor-section-boxed elementor-section-height-default elementor-section-height-default\" data-id=\"16f4fdaf\" data-element_type=\"section\" data-e-type=\"section\">\n\t\t\t\t\t\t<div class=\"elementor-container elementor-column-gap-default\">\n\t\t\t\t\t<div class=\"elementor-column elementor-col-25 elementor-top-column elementor-element elementor-element-4d8b458e\" data-id=\"4d8b458e\" data-element_type=\"column\" data-e-type=\"column\">\n\t\t\t<div class=\"elementor-widget-wrap elementor-element-populated\">\n\t\t\t\t\t\t<div class=\"elementor-element elementor-element-162af58 elementor-position-top elementor-widget elementor-widget-image-box\" data-id=\"162af58\" data-element_type=\"widget\" data-e-type=\"widget\" data-widget_type=\"image-box.default\">\n\t\t\t\t<div class=\"elementor-widget-container\">\n\t\t\t\t\t<div class=\"elementor-image-box-wrapper\"><figure class=\"elementor-image-box-img\"><img loading=\"lazy\" decoding=\"async\" width=\"258\" height=\"254\" src=\"https:\/\/fantazie.net\/wp-content\/uploads\/2021\/12\/Vojta-1.jpg\" class=\"attachment-full size-full wp-image-300\" alt=\"\" \/><\/figure><div class=\"elementor-image-box-content\"><h3 class=\"elementor-image-box-title\">Vojta \u017d<\/h3><p class=\"elementor-image-box-description\">Vedouc\u00ed, Zdravotn\u00edk<\/p><\/div><\/div>\t\t\t\t<\/div>\n\t\t\t\t<\/div>\n\t\t\t\t\t<\/div>\n\t\t<\/div>\n\t\t\t\t<div class=\"elementor-column elementor-col-25 elementor-top-column elementor-element elementor-element-2fdbfb2\" data-id=\"2fdbfb2\" data-element_type=\"column\" data-e-type=\"column\">\n\t\t\t<div class=\"elementor-widget-wrap elementor-element-populated\">\n\t\t\t\t\t\t<div class=\"elementor-element elementor-element-13a7acb9 elementor-position-top elementor-widget elementor-widget-image-box\" data-id=\"13a7acb9\" data-element_type=\"widget\" data-e-type=\"widget\" data-widget_type=\"image-box.default\">\n\t\t\t\t<div class=\"elementor-widget-container\">\n\t\t\t\t\t<div class=\"elementor-image-box-wrapper\"><figure class=\"elementor-image-box-img\"><img loading=\"lazy\" decoding=\"async\" width=\"435\" height=\"389\" src=\"https:\/\/fantazie.net\/wp-content\/uploads\/2021\/12\/Jony-1.jpg\" class=\"attachment-full size-full wp-image-290\" alt=\"\" srcset=\"https:\/\/fantazie.net\/wp-content\/uploads\/2021\/12\/Jony-1.jpg 435w, https:\/\/fantazie.net\/wp-content\/uploads\/2021\/12\/Jony-1-300x268.jpg 300w\" sizes=\"(max-width: 435px) 100vw, 435px\" \/><\/figure><div class=\"elementor-image-box-content\"><h3 class=\"elementor-image-box-title\">Jon\u00e1\u0161<\/h3><p class=\"elementor-image-box-description\">Vedouc\u00ed\n<\/p><\/div><\/div>\t\t\t\t<\/div>\n\t\t\t\t<\/div>\n\t\t\t\t\t<\/div>\n\t\t<\/div>\n\t\t\t\t<div class=\"elementor-column elementor-col-25 elementor-top-column elementor-element elementor-element-333c5dff\" data-id=\"333c5dff\" data-element_type=\"column\" data-e-type=\"column\">\n\t\t\t<div class=\"elementor-widget-wrap elementor-element-populated\">\n\t\t\t\t\t\t<div class=\"elementor-element elementor-element-1f2c8936 elementor-position-top elementor-widget elementor-widget-image-box\" data-id=\"1f2c8936\" data-element_type=\"widget\" data-e-type=\"widget\" data-widget_type=\"image-box.default\">\n\t\t\t\t<div class=\"elementor-widget-container\">\n\t\t\t\t\t<div class=\"elementor-image-box-wrapper\"><figure class=\"elementor-image-box-img\"><img loading=\"lazy\" decoding=\"async\" width=\"172\" height=\"240\" src=\"https:\/\/fantazie.net\/wp-content\/uploads\/2021\/12\/Johi-1.jpg\" class=\"attachment-full size-full wp-image-289\" alt=\"\" \/><\/figure><div class=\"elementor-image-box-content\"><h3 class=\"elementor-image-box-title\">Johi<\/h3><p class=\"elementor-image-box-description\">Vedouc\u00ed<\/p><\/div><\/div>\t\t\t\t<\/div>\n\t\t\t\t<\/div>\n\t\t\t\t\t<\/div>\n\t\t<\/div>\n\t\t\t\t<div class=\"elementor-column elementor-col-25 elementor-top-column elementor-element elementor-element-a6b8fbf\" data-id=\"a6b8fbf\" data-element_type=\"column\" data-e-type=\"column\">\n\t\t\t<div class=\"elementor-widget-wrap elementor-element-populated\">\n\t\t\t\t\t\t<div class=\"elementor-element elementor-element-f1bc3be elementor-widget elementor-widget-image-box\" data-id=\"f1bc3be\" data-element_type=\"widget\" data-e-type=\"widget\" data-widget_type=\"image-box.default\">\n\t\t\t\t<div class=\"elementor-widget-container\">\n\t\t\t\t\t<div class=\"elementor-image-box-wrapper\"><div class=\"elementor-image-box-content\"><h3 class=\"elementor-image-box-title\">Kl\u00e1rka<\/h3><p class=\"elementor-image-box-description\">Vedouc\u00ed<\/p><\/div><\/div>\t\t\t\t<\/div>\n\t\t\t\t<\/div>\n\t\t\t\t\t<\/div>\n\t\t<\/div>\n\t\t\t\t\t<\/div>\n\t\t<\/section>\n\t\t\t\t<\/div>\n\t\t","protected":false},"excerpt":{"rendered":"<p>Fotky z t\u00e1bora Jumanji I Ub\u011bhlo u\u017e n\u011bkolik let od posledn\u00ed hry Jumanji, nikdo o n\u00ed u\u017e dlouho nesly\u0161el. Jedin\u00e9, co v\u00edme je, \u017ee posledn\u00ed majitel se j\u00ed sna\u017eil zni\u010dit, ale neusp\u011bl. Bohu\u017eel p\u0159i pokusu o zni\u010den\u00ed, se mu j\u00ed poda\u0159ilo po\u0161kodit, co\u017e na n\u011bjakou dobu hru zastavilo. Aby se ji\u017e nikomu hra nedostala do [&hellip;]<\/p>\n","protected":false},"author":3,"featured_media":0,"parent":0,"menu_order":0,"comment_status":"closed","ping_status":"closed","template":"","meta":{"ocean_post_layout":"full-screen","ocean_both_sidebars_style":"","ocean_both_sidebars_content_width":0,"ocean_both_sidebars_sidebars_width":0,"ocean_sidebar":"0","ocean_second_sidebar":"0","ocean_disable_margins":"enable","ocean_add_body_class":"","ocean_shortcode_before_top_bar":"","ocean_shortcode_after_top_bar":"","ocean_shortcode_before_header":"","ocean_shortcode_after_header":"","ocean_has_shortcode":"","ocean_shortcode_after_title":"","ocean_shortcode_before_footer_widgets":"","ocean_shortcode_after_footer_widgets":"","ocean_shortcode_before_footer_bottom":"","ocean_shortcode_after_footer_bottom":"","ocean_display_top_bar":"off","ocean_display_header":"on","ocean_header_style":"","ocean_center_header_left_menu":"0","ocean_custom_header_template":"0","ocean_custom_logo":0,"ocean_custom_retina_logo":0,"ocean_custom_logo_max_width":0,"ocean_custom_logo_tablet_max_width":0,"ocean_custom_logo_mobile_max_width":0,"ocean_custom_logo_max_height":0,"ocean_custom_logo_tablet_max_height":0,"ocean_custom_logo_mobile_max_height":0,"ocean_header_custom_menu":"0","ocean_menu_typo_font_family":"0","ocean_menu_typo_font_subset":"","ocean_menu_typo_font_size":0,"ocean_menu_typo_font_size_tablet":0,"ocean_menu_typo_font_size_mobile":0,"ocean_menu_typo_font_size_unit":"px","ocean_menu_typo_font_weight":"","ocean_menu_typo_font_weight_tablet":"","ocean_menu_typo_font_weight_mobile":"","ocean_menu_typo_transform":"","ocean_menu_typo_transform_tablet":"","ocean_menu_typo_transform_mobile":"","ocean_menu_typo_line_height":0,"ocean_menu_typo_line_height_tablet":0,"ocean_menu_typo_line_height_mobile":0,"ocean_menu_typo_line_height_unit":"","ocean_menu_typo_spacing":0,"ocean_menu_typo_spacing_tablet":0,"ocean_menu_typo_spacing_mobile":0,"ocean_menu_typo_spacing_unit":"","ocean_menu_link_color":"","ocean_menu_link_color_hover":"","ocean_menu_link_color_active":"","ocean_menu_link_background":"","ocean_menu_link_hover_background":"","ocean_menu_link_active_background":"","ocean_menu_social_links_bg":"","ocean_menu_social_hover_links_bg":"","ocean_menu_social_links_color":"","ocean_menu_social_hover_links_color":"","ocean_disable_title":"default","ocean_disable_heading":"default","ocean_post_title":"","ocean_post_subheading":"","ocean_post_title_style":"","ocean_post_title_background_color":"","ocean_post_title_background":0,"ocean_post_title_bg_image_position":"","ocean_post_title_bg_image_attachment":"","ocean_post_title_bg_image_repeat":"","ocean_post_title_bg_image_size":"","ocean_post_title_height":0,"ocean_post_title_bg_overlay":0.5,"ocean_post_title_bg_overlay_color":"","ocean_disable_breadcrumbs":"default","ocean_breadcrumbs_color":"","ocean_breadcrumbs_separator_color":"","ocean_breadcrumbs_links_color":"","ocean_breadcrumbs_links_hover_color":"","ocean_display_footer_widgets":"off","ocean_display_footer_bottom":"off","ocean_custom_footer_template":"0","footnotes":""},"class_list":["post-1419","page","type-page","status-publish","hentry","entry"],"_links":{"self":[{"href":"https:\/\/fantazie.net\/index.php\/wp-json\/wp\/v2\/pages\/1419","targetHints":{"allow":["GET"]}}],"collection":[{"href":"https:\/\/fantazie.net\/index.php\/wp-json\/wp\/v2\/pages"}],"about":[{"href":"https:\/\/fantazie.net\/index.php\/wp-json\/wp\/v2\/types\/page"}],"author":[{"embeddable":true,"href":"https:\/\/fantazie.net\/index.php\/wp-json\/wp\/v2\/users\/3"}],"replies":[{"embeddable":true,"href":"https:\/\/fantazie.net\/index.php\/wp-json\/wp\/v2\/comments?post=1419"}],"version-history":[{"count":17,"href":"https:\/\/fantazie.net\/index.php\/wp-json\/wp\/v2\/pages\/1419\/revisions"}],"predecessor-version":[{"id":1975,"href":"https:\/\/fantazie.net\/index.php\/wp-json\/wp\/v2\/pages\/1419\/revisions\/1975"}],"wp:attachment":[{"href":"https:\/\/fantazie.net\/index.php\/wp-json\/wp\/v2\/media?parent=1419"}],"curies":[{"name":"wp","href":"https:\/\/api.w.org\/{rel}","templated":true}]}}