{"id":1432,"date":"2023-08-26T11:55:26","date_gmt":"2023-08-26T11:55:26","guid":{"rendered":"https:\/\/fantazie.net\/?page_id=1432"},"modified":"2023-08-26T14:48:02","modified_gmt":"2023-08-26T14:48:02","slug":"jumanji-iii","status":"publish","type":"page","link":"https:\/\/fantazie.net\/index.php\/jumanji-iii\/","title":{"rendered":"Jumanji III"},"content":{"rendered":"\t\t<div data-elementor-type=\"wp-page\" data-elementor-id=\"1432\" class=\"elementor elementor-1432\">\n\t\t\t\t\t\t<section class=\"elementor-section elementor-top-section elementor-element elementor-element-9f0520 elementor-section-full_width elementor-section-height-default elementor-section-height-default\" data-id=\"9f0520\" data-element_type=\"section\" data-e-type=\"section\">\n\t\t\t\t\t\t<div class=\"elementor-container elementor-column-gap-default\">\n\t\t\t\t\t<div class=\"elementor-column elementor-col-100 elementor-top-column elementor-element elementor-element-1653a1c1\" data-id=\"1653a1c1\" data-element_type=\"column\" data-e-type=\"column\">\n\t\t\t<div class=\"elementor-widget-wrap elementor-element-populated\">\n\t\t\t\t\t\t<div class=\"elementor-element elementor-element-59dce402 elementor-widget elementor-widget-heading\" data-id=\"59dce402\" data-element_type=\"widget\" data-e-type=\"widget\" data-widget_type=\"heading.default\">\n\t\t\t\t<div class=\"elementor-widget-container\">\n\t\t\t\t\t<h1 class=\"elementor-heading-title elementor-size-default\">Fotky z t\u00e1bora<\/h1>\t\t\t\t<\/div>\n\t\t\t\t<\/div>\n\t\t\t\t\t<\/div>\n\t\t<\/div>\n\t\t\t\t\t<\/div>\n\t\t<\/section>\n\t\t\t\t<section class=\"elementor-section elementor-top-section elementor-element elementor-element-1cb36953 elementor-section-boxed elementor-section-height-default elementor-section-height-default\" data-id=\"1cb36953\" data-element_type=\"section\" data-e-type=\"section\">\n\t\t\t\t\t\t<div class=\"elementor-container elementor-column-gap-default\">\n\t\t\t\t\t<div class=\"elementor-column elementor-col-50 elementor-top-column elementor-element elementor-element-625d898f\" data-id=\"625d898f\" data-element_type=\"column\" data-e-type=\"column\">\n\t\t\t<div class=\"elementor-widget-wrap elementor-element-populated\">\n\t\t\t\t\t\t<div class=\"elementor-element elementor-element-149f6765 elementor-widget elementor-widget-heading\" data-id=\"149f6765\" data-element_type=\"widget\" data-e-type=\"widget\" data-widget_type=\"heading.default\">\n\t\t\t\t<div class=\"elementor-widget-container\">\n\t\t\t\t\t<h2 class=\"elementor-heading-title elementor-size-default\">Jumanji III<\/h2>\t\t\t\t<\/div>\n\t\t\t\t<\/div>\n\t\t\t\t<div class=\"elementor-element elementor-element-7b5f4300 elementor-widget elementor-widget-text-editor\" data-id=\"7b5f4300\" data-element_type=\"widget\" data-e-type=\"widget\" data-widget_type=\"text-editor.default\">\n\t\t\t\t<div class=\"elementor-widget-container\">\n\t\t\t\t\t\t\t\t\t<p style=\"font-variant-ligatures: normal; font-variant-caps: normal; font-family: Roboto, sans-serif; font-size: 14px; font-style: normal; font-weight: 400; text-align: justify;\"><span style=\"font-size: 14px; font-weight: 400;\">Ub\u011bhlo u\u017e n\u011bkolik let od posledn\u00ed hry Jumanji, nikdo o n\u00ed u\u017e dlouho nesly\u0161el. Jedin\u00e9, co v\u00edme je, \u017ee posledn\u00ed majitel se j\u00ed sna\u017eil zni\u010dit, ale neusp\u011bl. Bohu\u017eel p\u0159i pokusu o zni\u010den\u00ed, se mu j\u00ed poda\u0159ilo po\u0161kodit, co\u017e na n\u011bjakou dobu hru zastavilo. Aby se ji\u017e nikomu hra nedostala do rukou, tak hru schoval pod zem kdesi v\u00a0kopc\u00edch. T\u00edm se na ni t\u00e9m\u011b\u0159 zapomn\u011blo. Jen\u017ee nic nen\u00ed nav\u017edy a hra je pln\u00e1 magie a st\u00e1le aktivn\u00ed.\u00a0<\/span><\/p><p style=\"font-variant-ligatures: normal; font-variant-caps: normal; font-family: Roboto, sans-serif; font-size: 14px; font-style: normal; font-weight: 400; text-align: justify;\"><span style=\"font-size: 14px; font-weight: 400;\">V posledn\u00edch letech, se za\u010d\u00edn\u00e1 prosl\u00fdchat o zvl\u00e1\u0161tn\u00edch bytostech a monstrech, kter\u00e9 se pr\u00fd ob\u010das objevuj\u00ed nedaleko odsud. Ka\u017edop\u00e1dn\u011b pro lidi jsou to jen b\u00e1chorky a pov\u011bry. Jen\u017ee, v\u011bt\u0161ina b\u00e1chorek n\u011bkde musela vzniknout. Proto se vyd\u00e1v\u00e1me na m\u00edsto, odkud tyto b\u00e1chorky poch\u00e1z\u00ed.\u00a0<\/span>Chcete tak\u00e9 s n\u00e1mi prozkoumat tajemstv\u00ed sv\u011bta Jumanji? P\u0159idejte se k n\u00e1m a u\u017eijte si t\u00e1bor s Fantazi\u00ed!<\/p>\t\t\t\t\t\t\t\t<\/div>\n\t\t\t\t<\/div>\n\t\t\t\t\t<\/div>\n\t\t<\/div>\n\t\t\t\t<div class=\"elementor-column elementor-col-50 elementor-top-column elementor-element elementor-element-7bd58c6c\" data-id=\"7bd58c6c\" data-element_type=\"column\" data-e-type=\"column\">\n\t\t\t<div class=\"elementor-widget-wrap elementor-element-populated\">\n\t\t\t\t\t\t<div class=\"elementor-element elementor-element-141e7873 elementor-widget elementor-widget-image\" data-id=\"141e7873\" data-element_type=\"widget\" data-e-type=\"widget\" data-widget_type=\"image.default\">\n\t\t\t\t<div class=\"elementor-widget-container\">\n\t\t\t\t\t\t\t\t\t\t\t\t\t\t\t\t<a href=\"https:\/\/guiseppeNAS.quickconnect.to\/mo\/sharing\/4V2LdYFIc\" target=\"_blank\">\n\t\t\t\t\t\t\t<img fetchpriority=\"high\" decoding=\"async\" width=\"1024\" height=\"682\" src=\"https:\/\/fantazie.net\/wp-content\/uploads\/2023\/08\/JumanjiIII-F-1-1024x682.jpg\" class=\"elementor-animation-bounce-out attachment-large size-large wp-image-1533\" alt=\"\" srcset=\"https:\/\/fantazie.net\/wp-content\/uploads\/2023\/08\/JumanjiIII-F-1-1024x682.jpg 1024w, https:\/\/fantazie.net\/wp-content\/uploads\/2023\/08\/JumanjiIII-F-1-300x200.jpg 300w, https:\/\/fantazie.net\/wp-content\/uploads\/2023\/08\/JumanjiIII-F-1-768x512.jpg 768w, https:\/\/fantazie.net\/wp-content\/uploads\/2023\/08\/JumanjiIII-F-1-1536x1024.jpg 1536w, https:\/\/fantazie.net\/wp-content\/uploads\/2023\/08\/JumanjiIII-F-1.jpg 2000w\" sizes=\"(max-width: 1024px) 100vw, 1024px\" \/>\t\t\t\t\t\t\t\t<\/a>\n\t\t\t\t\t\t\t\t\t\t\t\t\t\t\t<\/div>\n\t\t\t\t<\/div>\n\t\t\t\t\t<\/div>\n\t\t<\/div>\n\t\t\t\t\t<\/div>\n\t\t<\/section>\n\t\t\t\t<section class=\"elementor-section elementor-top-section elementor-element elementor-element-675066f1 elementor-section-boxed elementor-section-height-default elementor-section-height-default\" data-id=\"675066f1\" data-element_type=\"section\" data-e-type=\"section\">\n\t\t\t\t\t\t<div class=\"elementor-container elementor-column-gap-default\">\n\t\t\t\t\t<div class=\"elementor-column elementor-col-100 elementor-top-column elementor-element elementor-element-478708fb\" data-id=\"478708fb\" data-element_type=\"column\" data-e-type=\"column\">\n\t\t\t<div class=\"elementor-widget-wrap elementor-element-populated\">\n\t\t\t\t\t\t<div class=\"elementor-element elementor-element-2ccf596d elementor-widget elementor-widget-heading\" data-id=\"2ccf596d\" data-element_type=\"widget\" data-e-type=\"widget\" data-widget_type=\"heading.default\">\n\t\t\t\t<div class=\"elementor-widget-container\">\n\t\t\t\t\t<h1 class=\"elementor-heading-title elementor-size-default\">Vedouc\u00ed na tomto turnusu<\/h1>\t\t\t\t<\/div>\n\t\t\t\t<\/div>\n\t\t\t\t\t<\/div>\n\t\t<\/div>\n\t\t\t\t\t<\/div>\n\t\t<\/section>\n\t\t\t\t<section class=\"elementor-section elementor-top-section elementor-element elementor-element-1ecc4eaa elementor-section-boxed elementor-section-height-default elementor-section-height-default\" data-id=\"1ecc4eaa\" data-element_type=\"section\" data-e-type=\"section\">\n\t\t\t\t\t\t<div class=\"elementor-container elementor-column-gap-default\">\n\t\t\t\t\t<div class=\"elementor-column elementor-col-33 elementor-top-column elementor-element elementor-element-b78b74a\" data-id=\"b78b74a\" data-element_type=\"column\" data-e-type=\"column\">\n\t\t\t<div class=\"elementor-widget-wrap elementor-element-populated\">\n\t\t\t\t\t\t<div class=\"elementor-element elementor-element-3f2f17a8 elementor-position-top elementor-widget elementor-widget-image-box\" data-id=\"3f2f17a8\" data-element_type=\"widget\" data-e-type=\"widget\" data-widget_type=\"image-box.default\">\n\t\t\t\t<div class=\"elementor-widget-container\">\n\t\t\t\t\t<div class=\"elementor-image-box-wrapper\"><figure class=\"elementor-image-box-img\"><img decoding=\"async\" width=\"415\" height=\"397\" src=\"https:\/\/fantazie.net\/wp-content\/uploads\/2021\/12\/Lucka-1.jpg\" class=\"attachment-full size-full wp-image-292\" alt=\"\" srcset=\"https:\/\/fantazie.net\/wp-content\/uploads\/2021\/12\/Lucka-1.jpg 415w, https:\/\/fantazie.net\/wp-content\/uploads\/2021\/12\/Lucka-1-300x287.jpg 300w\" sizes=\"(max-width: 415px) 100vw, 415px\" \/><\/figure><div class=\"elementor-image-box-content\"><h3 class=\"elementor-image-box-title\">Lucka<\/h3><p class=\"elementor-image-box-description\">HLAVN\u00cd VEDOUC\u00cd\nzdravotn\u00edk\n\nKontakt:\ntel: +420731642806\ne-mail: tabory@fantazie.net<\/p><\/div><\/div>\t\t\t\t<\/div>\n\t\t\t\t<\/div>\n\t\t\t\t\t<\/div>\n\t\t<\/div>\n\t\t\t\t<div class=\"elementor-column elementor-col-33 elementor-top-column elementor-element elementor-element-5b8ad671\" data-id=\"5b8ad671\" data-element_type=\"column\" data-e-type=\"column\">\n\t\t\t<div class=\"elementor-widget-wrap elementor-element-populated\">\n\t\t\t\t\t\t<div class=\"elementor-element elementor-element-4d691796 elementor-position-top elementor-widget elementor-widget-image-box\" data-id=\"4d691796\" data-element_type=\"widget\" data-e-type=\"widget\" data-widget_type=\"image-box.default\">\n\t\t\t\t<div class=\"elementor-widget-container\">\n\t\t\t\t\t<div class=\"elementor-image-box-wrapper\"><figure class=\"elementor-image-box-img\"><img decoding=\"async\" width=\"385\" height=\"378\" src=\"https:\/\/fantazie.net\/wp-content\/uploads\/2021\/12\/Pepa-e1638906122278-1.jpg\" class=\"attachment-full size-full wp-image-296\" alt=\"\" srcset=\"https:\/\/fantazie.net\/wp-content\/uploads\/2021\/12\/Pepa-e1638906122278-1.jpg 385w, https:\/\/fantazie.net\/wp-content\/uploads\/2021\/12\/Pepa-e1638906122278-1-300x295.jpg 300w\" sizes=\"(max-width: 385px) 100vw, 385px\" \/><\/figure><div class=\"elementor-image-box-content\"><h3 class=\"elementor-image-box-title\">Pepa<\/h3><p class=\"elementor-image-box-description\">Vedouc\u00ed\n<\/p><\/div><\/div>\t\t\t\t<\/div>\n\t\t\t\t<\/div>\n\t\t\t\t\t<\/div>\n\t\t<\/div>\n\t\t\t\t<div class=\"elementor-column elementor-col-33 elementor-top-column elementor-element elementor-element-d97ea6f\" data-id=\"d97ea6f\" data-element_type=\"column\" data-e-type=\"column\">\n\t\t\t<div class=\"elementor-widget-wrap elementor-element-populated\">\n\t\t\t\t\t\t<div class=\"elementor-element elementor-element-3dcae1a7 elementor-position-top elementor-widget elementor-widget-image-box\" data-id=\"3dcae1a7\" data-element_type=\"widget\" data-e-type=\"widget\" data-widget_type=\"image-box.default\">\n\t\t\t\t<div class=\"elementor-widget-container\">\n\t\t\t\t\t<div class=\"elementor-image-box-wrapper\"><figure class=\"elementor-image-box-img\"><img loading=\"lazy\" decoding=\"async\" width=\"583\" height=\"624\" src=\"https:\/\/fantazie.net\/wp-content\/uploads\/2021\/12\/Anicka-1.jpg\" class=\"attachment-full size-full wp-image-285\" alt=\"\" srcset=\"https:\/\/fantazie.net\/wp-content\/uploads\/2021\/12\/Anicka-1.jpg 583w, https:\/\/fantazie.net\/wp-content\/uploads\/2021\/12\/Anicka-1-280x300.jpg 280w\" sizes=\"(max-width: 583px) 100vw, 583px\" \/><\/figure><div class=\"elementor-image-box-content\"><h3 class=\"elementor-image-box-title\">Ani\u010dka<\/h3><p class=\"elementor-image-box-description\">Vedouc\u00ed\n<\/p><\/div><\/div>\t\t\t\t<\/div>\n\t\t\t\t<\/div>\n\t\t\t\t\t<\/div>\n\t\t<\/div>\n\t\t\t\t\t<\/div>\n\t\t<\/section>\n\t\t\t\t<section class=\"elementor-section elementor-top-section elementor-element elementor-element-4a5f3e25 elementor-section-boxed elementor-section-height-default elementor-section-height-default\" data-id=\"4a5f3e25\" data-element_type=\"section\" data-e-type=\"section\">\n\t\t\t\t\t\t<div class=\"elementor-container elementor-column-gap-default\">\n\t\t\t\t\t<div class=\"elementor-column elementor-col-25 elementor-top-column elementor-element elementor-element-573dfaa8\" data-id=\"573dfaa8\" data-element_type=\"column\" data-e-type=\"column\">\n\t\t\t<div class=\"elementor-widget-wrap elementor-element-populated\">\n\t\t\t\t\t\t<div class=\"elementor-element elementor-element-74328b54 elementor-widget elementor-widget-image-box\" data-id=\"74328b54\" data-element_type=\"widget\" data-e-type=\"widget\" data-widget_type=\"image-box.default\">\n\t\t\t\t<div class=\"elementor-widget-container\">\n\t\t\t\t\t<div class=\"elementor-image-box-wrapper\"><div class=\"elementor-image-box-content\"><h3 class=\"elementor-image-box-title\">Lenka<\/h3><p class=\"elementor-image-box-description\">Vedouc\u00ed<\/p><\/div><\/div>\t\t\t\t<\/div>\n\t\t\t\t<\/div>\n\t\t\t\t\t<\/div>\n\t\t<\/div>\n\t\t\t\t<div class=\"elementor-column elementor-col-25 elementor-top-column elementor-element elementor-element-20b0a9a7\" data-id=\"20b0a9a7\" data-element_type=\"column\" data-e-type=\"column\">\n\t\t\t<div class=\"elementor-widget-wrap elementor-element-populated\">\n\t\t\t\t\t\t<div class=\"elementor-element elementor-element-54a3ef55 elementor-widget elementor-widget-image-box\" data-id=\"54a3ef55\" data-element_type=\"widget\" data-e-type=\"widget\" data-widget_type=\"image-box.default\">\n\t\t\t\t<div class=\"elementor-widget-container\">\n\t\t\t\t\t<div class=\"elementor-image-box-wrapper\"><div class=\"elementor-image-box-content\"><h3 class=\"elementor-image-box-title\">Vojta Z.<\/h3><p class=\"elementor-image-box-description\">Vedouc\u00ed\n<\/p><\/div><\/div>\t\t\t\t<\/div>\n\t\t\t\t<\/div>\n\t\t\t\t\t<\/div>\n\t\t<\/div>\n\t\t\t\t<div class=\"elementor-column elementor-col-25 elementor-top-column elementor-element elementor-element-4cb302ed\" data-id=\"4cb302ed\" data-element_type=\"column\" data-e-type=\"column\">\n\t\t\t<div class=\"elementor-widget-wrap elementor-element-populated\">\n\t\t\t\t\t\t<div class=\"elementor-element elementor-element-71f57c3a elementor-position-top elementor-widget elementor-widget-image-box\" data-id=\"71f57c3a\" data-element_type=\"widget\" data-e-type=\"widget\" data-widget_type=\"image-box.default\">\n\t\t\t\t<div class=\"elementor-widget-container\">\n\t\t\t\t\t<div class=\"elementor-image-box-wrapper\"><figure class=\"elementor-image-box-img\"><img loading=\"lazy\" decoding=\"async\" width=\"724\" height=\"706\" src=\"https:\/\/fantazie.net\/wp-content\/uploads\/2021\/12\/Tynka-1.jpg\" class=\"attachment-full size-full wp-image-298\" alt=\"\" srcset=\"https:\/\/fantazie.net\/wp-content\/uploads\/2021\/12\/Tynka-1.jpg 724w, https:\/\/fantazie.net\/wp-content\/uploads\/2021\/12\/Tynka-1-300x293.jpg 300w\" sizes=\"(max-width: 724px) 100vw, 724px\" \/><\/figure><div class=\"elementor-image-box-content\"><h3 class=\"elementor-image-box-title\">T\u00fdna<\/h3><p class=\"elementor-image-box-description\">Vedouc\u00ed, Zdravotn\u00edk<\/p><\/div><\/div>\t\t\t\t<\/div>\n\t\t\t\t<\/div>\n\t\t\t\t\t<\/div>\n\t\t<\/div>\n\t\t\t\t<div class=\"elementor-column elementor-col-25 elementor-top-column elementor-element elementor-element-feb6a41\" data-id=\"feb6a41\" data-element_type=\"column\" data-e-type=\"column\">\n\t\t\t<div class=\"elementor-widget-wrap elementor-element-populated\">\n\t\t\t\t\t\t<div class=\"elementor-element elementor-element-262b62d elementor-position-top elementor-widget elementor-widget-image-box\" data-id=\"262b62d\" data-element_type=\"widget\" data-e-type=\"widget\" data-widget_type=\"image-box.default\">\n\t\t\t\t<div class=\"elementor-widget-container\">\n\t\t\t\t\t<div class=\"elementor-image-box-wrapper\"><figure class=\"elementor-image-box-img\"><img loading=\"lazy\" decoding=\"async\" width=\"283\" height=\"364\" src=\"https:\/\/fantazie.net\/wp-content\/uploads\/2021\/12\/Jenda-1.jpg\" class=\"attachment-full size-full wp-image-288\" alt=\"\" srcset=\"https:\/\/fantazie.net\/wp-content\/uploads\/2021\/12\/Jenda-1.jpg 283w, https:\/\/fantazie.net\/wp-content\/uploads\/2021\/12\/Jenda-1-233x300.jpg 233w\" sizes=\"(max-width: 283px) 100vw, 283px\" \/><\/figure><div class=\"elementor-image-box-content\"><h3 class=\"elementor-image-box-title\">Jenda<\/h3><p class=\"elementor-image-box-description\">Vedouc\u00ed<\/p><\/div><\/div>\t\t\t\t<\/div>\n\t\t\t\t<\/div>\n\t\t\t\t\t<\/div>\n\t\t<\/div>\n\t\t\t\t\t<\/div>\n\t\t<\/section>\n\t\t\t\t<\/div>\n\t\t","protected":false},"excerpt":{"rendered":"<p>Fotky z t\u00e1bora Jumanji III Ub\u011bhlo u\u017e n\u011bkolik let od posledn\u00ed hry Jumanji, nikdo o n\u00ed u\u017e dlouho nesly\u0161el. Jedin\u00e9, co v\u00edme je, \u017ee posledn\u00ed majitel se j\u00ed sna\u017eil zni\u010dit, ale neusp\u011bl. Bohu\u017eel p\u0159i pokusu o zni\u010den\u00ed, se mu j\u00ed poda\u0159ilo po\u0161kodit, co\u017e na n\u011bjakou dobu hru zastavilo. Aby se ji\u017e nikomu hra nedostala do [&hellip;]<\/p>\n","protected":false},"author":3,"featured_media":0,"parent":0,"menu_order":0,"comment_status":"closed","ping_status":"closed","template":"","meta":{"ocean_post_layout":"full-screen","ocean_both_sidebars_style":"","ocean_both_sidebars_content_width":0,"ocean_both_sidebars_sidebars_width":0,"ocean_sidebar":"0","ocean_second_sidebar":"0","ocean_disable_margins":"enable","ocean_add_body_class":"","ocean_shortcode_before_top_bar":"","ocean_shortcode_after_top_bar":"","ocean_shortcode_before_header":"","ocean_shortcode_after_header":"","ocean_has_shortcode":"","ocean_shortcode_after_title":"","ocean_shortcode_before_footer_widgets":"","ocean_shortcode_after_footer_widgets":"","ocean_shortcode_before_footer_bottom":"","ocean_shortcode_after_footer_bottom":"","ocean_display_top_bar":"off","ocean_display_header":"on","ocean_header_style":"","ocean_center_header_left_menu":"0","ocean_custom_header_template":"0","ocean_custom_logo":0,"ocean_custom_retina_logo":0,"ocean_custom_logo_max_width":0,"ocean_custom_logo_tablet_max_width":0,"ocean_custom_logo_mobile_max_width":0,"ocean_custom_logo_max_height":0,"ocean_custom_logo_tablet_max_height":0,"ocean_custom_logo_mobile_max_height":0,"ocean_header_custom_menu":"0","ocean_menu_typo_font_family":"0","ocean_menu_typo_font_subset":"","ocean_menu_typo_font_size":0,"ocean_menu_typo_font_size_tablet":0,"ocean_menu_typo_font_size_mobile":0,"ocean_menu_typo_font_size_unit":"px","ocean_menu_typo_font_weight":"","ocean_menu_typo_font_weight_tablet":"","ocean_menu_typo_font_weight_mobile":"","ocean_menu_typo_transform":"","ocean_menu_typo_transform_tablet":"","ocean_menu_typo_transform_mobile":"","ocean_menu_typo_line_height":0,"ocean_menu_typo_line_height_tablet":0,"ocean_menu_typo_line_height_mobile":0,"ocean_menu_typo_line_height_unit":"","ocean_menu_typo_spacing":0,"ocean_menu_typo_spacing_tablet":0,"ocean_menu_typo_spacing_mobile":0,"ocean_menu_typo_spacing_unit":"","ocean_menu_link_color":"","ocean_menu_link_color_hover":"","ocean_menu_link_color_active":"","ocean_menu_link_background":"","ocean_menu_link_hover_background":"","ocean_menu_link_active_background":"","ocean_menu_social_links_bg":"","ocean_menu_social_hover_links_bg":"","ocean_menu_social_links_color":"","ocean_menu_social_hover_links_color":"","ocean_disable_title":"default","ocean_disable_heading":"default","ocean_post_title":"","ocean_post_subheading":"","ocean_post_title_style":"","ocean_post_title_background_color":"","ocean_post_title_background":0,"ocean_post_title_bg_image_position":"","ocean_post_title_bg_image_attachment":"","ocean_post_title_bg_image_repeat":"","ocean_post_title_bg_image_size":"","ocean_post_title_height":0,"ocean_post_title_bg_overlay":0.5,"ocean_post_title_bg_overlay_color":"","ocean_disable_breadcrumbs":"default","ocean_breadcrumbs_color":"","ocean_breadcrumbs_separator_color":"","ocean_breadcrumbs_links_color":"","ocean_breadcrumbs_links_hover_color":"","ocean_display_footer_widgets":"off","ocean_display_footer_bottom":"off","ocean_custom_footer_template":"0","footnotes":""},"class_list":["post-1432","page","type-page","status-publish","hentry","entry"],"_links":{"self":[{"href":"https:\/\/fantazie.net\/index.php\/wp-json\/wp\/v2\/pages\/1432","targetHints":{"allow":["GET"]}}],"collection":[{"href":"https:\/\/fantazie.net\/index.php\/wp-json\/wp\/v2\/pages"}],"about":[{"href":"https:\/\/fantazie.net\/index.php\/wp-json\/wp\/v2\/types\/page"}],"author":[{"embeddable":true,"href":"https:\/\/fantazie.net\/index.php\/wp-json\/wp\/v2\/users\/3"}],"replies":[{"embeddable":true,"href":"https:\/\/fantazie.net\/index.php\/wp-json\/wp\/v2\/comments?post=1432"}],"version-history":[{"count":10,"href":"https:\/\/fantazie.net\/index.php\/wp-json\/wp\/v2\/pages\/1432\/revisions"}],"predecessor-version":[{"id":1600,"href":"https:\/\/fantazie.net\/index.php\/wp-json\/wp\/v2\/pages\/1432\/revisions\/1600"}],"wp:attachment":[{"href":"https:\/\/fantazie.net\/index.php\/wp-json\/wp\/v2\/media?parent=1432"}],"curies":[{"name":"wp","href":"https:\/\/api.w.org\/{rel}","templated":true}]}}