{"id":19,"date":"2021-12-04T22:26:57","date_gmt":"2021-12-04T22:26:57","guid":{"rendered":"http:\/\/127.0.0.1\/eds-modules\/wordpress580x211204222735\/?page_id=19"},"modified":"2021-12-04T22:26:57","modified_gmt":"2021-12-04T22:26:57","slug":"o-nas","status":"publish","type":"page","link":"https:\/\/fantazie.net\/index.php\/o-nas\/","title":{"rendered":"O n\u00e1s"},"content":{"rendered":"\t\t<div data-elementor-type=\"wp-page\" data-elementor-id=\"19\" class=\"elementor elementor-19\">\n\t\t\t\t\t\t<section class=\"elementor-section elementor-top-section elementor-element elementor-element-c811483 elementor-section-boxed elementor-section-height-default elementor-section-height-default\" data-id=\"c811483\" data-element_type=\"section\" data-e-type=\"section\">\n\t\t\t\t\t\t<div class=\"elementor-container elementor-column-gap-default\">\n\t\t\t\t\t<div class=\"elementor-column elementor-col-50 elementor-top-column elementor-element elementor-element-66fa9ac\" data-id=\"66fa9ac\" data-element_type=\"column\" data-e-type=\"column\">\n\t\t\t<div class=\"elementor-widget-wrap elementor-element-populated\">\n\t\t\t\t\t\t<div class=\"elementor-element elementor-element-5183122 elementor-widget elementor-widget-text-editor\" data-id=\"5183122\" data-element_type=\"widget\" data-e-type=\"widget\" data-widget_type=\"text-editor.default\">\n\t\t\t\t<div class=\"elementor-widget-container\">\n\t\t\t\t\t\t\t\t\t<ul>\n<li>Fantazie je neziskov\u00e1 organizace z Vrchlab\u00ed, kter\u00e1 po\u0159\u00e1d\u00e1 volno\u010dasov\u00e9, kulturn\u00ed, sportovn\u00edch, z\u00e1jmov\u00e9 a vzd\u011bl\u00e1vac\u00ed akce pro d\u011bti a ml\u00e1de\u017e po cel\u00e9 \u010cR.<br><br><\/li>\n<li>M\u00e1me n\u011bkolik c\u00edl\u016f, n\u011bkter\u00e9 v\u011bt\u0161\u00ed, n\u011bkter\u00e9 men\u0161\u00ed, ale hlavn\u00edm z nich je, aby se ti, kte\u0159\u00ed s n\u00e1mi tr\u00e1v\u00ed \u010das, se c\u00edtili co nejl\u00e9pe. Chceme voln\u00fd \u010das zp\u0159\u00edjem\u0148ovat jak d\u011btem, tak dosp\u011bl\u00fdm, kte\u0159\u00ed si r\u00e1di hraj\u00ed, maj\u00ed r\u00e1di v\u00fdzvy a fantazie pro n\u011b m\u016f\u017ee b\u00fdt vstupenkou na tenk\u00fd led mezi \u201ed\u011btsk\u00fd sv\u011bt dosp\u011bl\u00e1ka\u201c a \u201edosp\u011bl\u00e1ck\u00fd sv\u011bt d\u00edt\u011bte\u201c. Chceme posouvat hranice obou v\u011bkov\u00fdch kategori\u00ed a r\u00e1di bychom, aby \u010das str\u00e1ven\u00fd s n\u00e1mi, byl pro v\u00e1s opravdu Fantazi\u00ed.<br><br><\/li>\n<li>Aktu\u00e1ln\u00ed n\u00e1pln\u00ed Fantazie je realizace letn\u00edch t\u00e1bor\u016f, volno\u010dasov\u00fdch aktivit, v\u00edkendov\u00fdch akc\u00ed a v\u00fdlet\u016f pro d\u011bti, ml\u00e1de\u017e a jejich rodiny.<br><br><\/li>\n<li>Historie Fantazie sah\u00e1 a\u017e do roku 2011, jedn\u00e1 se toti\u017e o n\u00e1stupnickou organizaci Funny, od kter\u00e9 se odd\u011blila, aby se specializovala jej\u00ed \u010dinnost hlavn\u011b letn\u00ed m\u011bs\u00edce a tedy p\u0159ev\u00e1\u017en\u011b na letn\u00ed t\u00e1bory.<\/li>\n<\/ul>\t\t\t\t\t\t\t\t<\/div>\n\t\t\t\t<\/div>\n\t\t\t\t\t<\/div>\n\t\t<\/div>\n\t\t\t\t<div class=\"elementor-column elementor-col-50 elementor-top-column elementor-element elementor-element-27a04d1\" data-id=\"27a04d1\" data-element_type=\"column\" data-e-type=\"column\" data-settings=\"{&quot;background_background&quot;:&quot;classic&quot;}\">\n\t\t\t<div class=\"elementor-widget-wrap elementor-element-populated\">\n\t\t\t\t\t\t<div class=\"elementor-element elementor-element-fb95830 elementor-widget elementor-widget-image\" data-id=\"fb95830\" data-element_type=\"widget\" data-e-type=\"widget\" data-widget_type=\"image.default\">\n\t\t\t\t<div class=\"elementor-widget-container\">\n\t\t\t\t\t\t\t\t\t\t\t\t\t\t\t<img decoding=\"async\" src=\"http:\/\/127.0.0.1\/eds-modules\/wordpress580x211204222735\/wp-content\/uploads\/2021\/12\/cropped-Logo_Fantazie_bez_bezpodloga-e1638656673716.png\" title=\"\" alt=\"\" loading=\"lazy\" \/>\t\t\t\t\t\t\t\t\t\t\t\t\t\t\t<\/div>\n\t\t\t\t<\/div>\n\t\t\t\t\t<\/div>\n\t\t<\/div>\n\t\t\t\t\t<\/div>\n\t\t<\/section>\n\t\t\t\t<\/div>\n\t\t","protected":false},"excerpt":{"rendered":"<p>Fantazie je neziskov\u00e1 organizace z Vrchlab\u00ed, kter\u00e1 po\u0159\u00e1d\u00e1 volno\u010dasov\u00e9, kulturn\u00ed, sportovn\u00edch, z\u00e1jmov\u00e9 a vzd\u011bl\u00e1vac\u00ed akce pro d\u011bti a ml\u00e1de\u017e po cel\u00e9 \u010cR. M\u00e1me n\u011bkolik c\u00edl\u016f, n\u011bkter\u00e9 v\u011bt\u0161\u00ed, n\u011bkter\u00e9 men\u0161\u00ed, ale hlavn\u00edm z nich je, aby se ti, kte\u0159\u00ed s n\u00e1mi tr\u00e1v\u00ed \u010das, se c\u00edtili co nejl\u00e9pe. Chceme voln\u00fd \u010das zp\u0159\u00edjem\u0148ovat jak d\u011btem, tak dosp\u011bl\u00fdm, kte\u0159\u00ed [&hellip;]<\/p>\n","protected":false},"author":2,"featured_media":0,"parent":0,"menu_order":0,"comment_status":"closed","ping_status":"closed","template":"","meta":{"ocean_post_layout":"full-screen","ocean_both_sidebars_style":"","ocean_both_sidebars_content_width":0,"ocean_both_sidebars_sidebars_width":0,"ocean_sidebar":"0","ocean_second_sidebar":"0","ocean_disable_margins":"enable","ocean_add_body_class":"","ocean_shortcode_before_top_bar":"","ocean_shortcode_after_top_bar":"","ocean_shortcode_before_header":"","ocean_shortcode_after_header":"","ocean_has_shortcode":"","ocean_shortcode_after_title":"","ocean_shortcode_before_footer_widgets":"","ocean_shortcode_after_footer_widgets":"","ocean_shortcode_before_footer_bottom":"","ocean_shortcode_after_footer_bottom":"","ocean_display_top_bar":"off","ocean_display_header":"on","ocean_header_style":"","ocean_center_header_left_menu":"0","ocean_custom_header_template":"0","ocean_custom_logo":0,"ocean_custom_retina_logo":0,"ocean_custom_logo_max_width":0,"ocean_custom_logo_tablet_max_width":0,"ocean_custom_logo_mobile_max_width":0,"ocean_custom_logo_max_height":0,"ocean_custom_logo_tablet_max_height":0,"ocean_custom_logo_mobile_max_height":0,"ocean_header_custom_menu":"0","ocean_menu_typo_font_family":"0","ocean_menu_typo_font_subset":"","ocean_menu_typo_font_size":0,"ocean_menu_typo_font_size_tablet":0,"ocean_menu_typo_font_size_mobile":0,"ocean_menu_typo_font_size_unit":"px","ocean_menu_typo_font_weight":"","ocean_menu_typo_font_weight_tablet":"","ocean_menu_typo_font_weight_mobile":"","ocean_menu_typo_transform":"","ocean_menu_typo_transform_tablet":"","ocean_menu_typo_transform_mobile":"","ocean_menu_typo_line_height":0,"ocean_menu_typo_line_height_tablet":0,"ocean_menu_typo_line_height_mobile":0,"ocean_menu_typo_line_height_unit":"","ocean_menu_typo_spacing":0,"ocean_menu_typo_spacing_tablet":0,"ocean_menu_typo_spacing_mobile":0,"ocean_menu_typo_spacing_unit":"","ocean_menu_link_color":"","ocean_menu_link_color_hover":"","ocean_menu_link_color_active":"","ocean_menu_link_background":"","ocean_menu_link_hover_background":"","ocean_menu_link_active_background":"","ocean_menu_social_links_bg":"","ocean_menu_social_hover_links_bg":"","ocean_menu_social_links_color":"","ocean_menu_social_hover_links_color":"","ocean_disable_title":"default","ocean_disable_heading":"default","ocean_post_title":"","ocean_post_subheading":"","ocean_post_title_style":"","ocean_post_title_background_color":"","ocean_post_title_background":0,"ocean_post_title_bg_image_position":"","ocean_post_title_bg_image_attachment":"","ocean_post_title_bg_image_repeat":"","ocean_post_title_bg_image_size":"","ocean_post_title_height":0,"ocean_post_title_bg_overlay":0.5,"ocean_post_title_bg_overlay_color":"","ocean_disable_breadcrumbs":"default","ocean_breadcrumbs_color":"","ocean_breadcrumbs_separator_color":"","ocean_breadcrumbs_links_color":"","ocean_breadcrumbs_links_hover_color":"","ocean_display_footer_widgets":"off","ocean_display_footer_bottom":"off","ocean_custom_footer_template":"0","footnotes":""},"class_list":["post-19","page","type-page","status-publish","hentry","entry"],"_links":{"self":[{"href":"https:\/\/fantazie.net\/index.php\/wp-json\/wp\/v2\/pages\/19","targetHints":{"allow":["GET"]}}],"collection":[{"href":"https:\/\/fantazie.net\/index.php\/wp-json\/wp\/v2\/pages"}],"about":[{"href":"https:\/\/fantazie.net\/index.php\/wp-json\/wp\/v2\/types\/page"}],"author":[{"embeddable":true,"href":"https:\/\/fantazie.net\/index.php\/wp-json\/wp\/v2\/users\/2"}],"replies":[{"embeddable":true,"href":"https:\/\/fantazie.net\/index.php\/wp-json\/wp\/v2\/comments?post=19"}],"version-history":[{"count":0,"href":"https:\/\/fantazie.net\/index.php\/wp-json\/wp\/v2\/pages\/19\/revisions"}],"wp:attachment":[{"href":"https:\/\/fantazie.net\/index.php\/wp-json\/wp\/v2\/media?parent=19"}],"curies":[{"name":"wp","href":"https:\/\/api.w.org\/{rel}","templated":true}]}}