{"id":236,"date":"2021-12-05T18:09:20","date_gmt":"2021-12-05T18:09:20","guid":{"rendered":"http:\/\/127.0.0.1\/eds-modules\/wordpress580x211204222735\/?page_id=236"},"modified":"2023-08-27T19:41:39","modified_gmt":"2023-08-27T19:41:39","slug":"kocourkov-i","status":"publish","type":"page","link":"https:\/\/fantazie.net\/index.php\/kocourkov-i\/","title":{"rendered":"Kocourkov I"},"content":{"rendered":"\t\t<div data-elementor-type=\"wp-page\" data-elementor-id=\"236\" class=\"elementor elementor-236\">\n\t\t\t\t\t\t<section class=\"elementor-section elementor-top-section elementor-element elementor-element-68c84685 elementor-section-full_width elementor-section-height-default elementor-section-height-default\" data-id=\"68c84685\" data-element_type=\"section\" data-e-type=\"section\">\n\t\t\t\t\t\t<div class=\"elementor-container elementor-column-gap-default\">\n\t\t\t\t\t<div class=\"elementor-column elementor-col-100 elementor-top-column elementor-element elementor-element-764f47d8\" data-id=\"764f47d8\" data-element_type=\"column\" data-e-type=\"column\">\n\t\t\t<div class=\"elementor-widget-wrap elementor-element-populated\">\n\t\t\t\t\t\t<div class=\"elementor-element elementor-element-424d59ec elementor-widget elementor-widget-heading\" data-id=\"424d59ec\" data-element_type=\"widget\" data-e-type=\"widget\" data-widget_type=\"heading.default\">\n\t\t\t\t<div class=\"elementor-widget-container\">\n\t\t\t\t\t<h1 class=\"elementor-heading-title elementor-size-default\">Fotky z t\u00e1bora<\/h1>\t\t\t\t<\/div>\n\t\t\t\t<\/div>\n\t\t\t\t\t<\/div>\n\t\t<\/div>\n\t\t\t\t\t<\/div>\n\t\t<\/section>\n\t\t\t\t<section class=\"elementor-section elementor-top-section elementor-element elementor-element-415b57ce elementor-section-boxed elementor-section-height-default elementor-section-height-default\" data-id=\"415b57ce\" data-element_type=\"section\" data-e-type=\"section\">\n\t\t\t\t\t\t<div class=\"elementor-container elementor-column-gap-default\">\n\t\t\t\t\t<div class=\"elementor-column elementor-col-50 elementor-top-column elementor-element elementor-element-563906b2\" data-id=\"563906b2\" data-element_type=\"column\" data-e-type=\"column\">\n\t\t\t<div class=\"elementor-widget-wrap elementor-element-populated\">\n\t\t\t\t\t\t<div class=\"elementor-element elementor-element-70cd7d80 elementor-widget elementor-widget-heading\" data-id=\"70cd7d80\" data-element_type=\"widget\" data-e-type=\"widget\" data-widget_type=\"heading.default\">\n\t\t\t\t<div class=\"elementor-widget-container\">\n\t\t\t\t\t<h2 class=\"elementor-heading-title elementor-size-default\">Kocourkov I<\/h2>\t\t\t\t<\/div>\n\t\t\t\t<\/div>\n\t\t\t\t<div class=\"elementor-element elementor-element-28c1d639 elementor-widget elementor-widget-text-editor\" data-id=\"28c1d639\" data-element_type=\"widget\" data-e-type=\"widget\" data-widget_type=\"text-editor.default\">\n\t\t\t\t<div class=\"elementor-widget-container\">\n\t\t\t\t\t\t\t\t\t<p>Zn\u00e1te ty bacily, kter\u00e9 d\u011blaj\u00ed z lid\u00ed hlup\u00e1ky a nut\u00ed je d\u011blat v\u011bci, kter\u00e9 jsou na prvn\u00ed pohled z\u00e1bavn\u00e9, ale na ten druh\u00fd mohou i hodn\u011b komplikovat \u017eivot? A co, kdy\u017e se p\u0159ijde na to, \u017ee se epidemie hlouposti roz\u0161i\u0159uje nekontrolovateln\u011b po cel\u00e9m sv\u011bt\u011b? Co potom s t\u00edm?<\/p><p>Pojd\u00b4me si spole\u010dn\u011b vyzkou\u0161et, co v\u0161echno zvl\u00e1dneme s chladnou hlavou a co bude l\u00e9pe vy\u0159e\u0161it po Kocourkovsku. Hlavn\u00ed \u00fakol zn\u00ed ale jasn\u011b, pandemii hlouposti se mus\u00ed zarazit!<\/p>\t\t\t\t\t\t\t\t<\/div>\n\t\t\t\t<\/div>\n\t\t\t\t\t<\/div>\n\t\t<\/div>\n\t\t\t\t<div class=\"elementor-column elementor-col-50 elementor-top-column elementor-element elementor-element-6704c2a2\" data-id=\"6704c2a2\" data-element_type=\"column\" data-e-type=\"column\">\n\t\t\t<div class=\"elementor-widget-wrap elementor-element-populated\">\n\t\t\t\t\t\t<div class=\"elementor-element elementor-element-7df02082 elementor-widget elementor-widget-image\" data-id=\"7df02082\" data-element_type=\"widget\" data-e-type=\"widget\" data-widget_type=\"image.default\">\n\t\t\t\t<div class=\"elementor-widget-container\">\n\t\t\t\t\t\t\t\t\t\t\t\t\t\t\t\t<a href=\"https:\/\/photos.app.goo.gl\/MeTQe1x5d7x5odBg8\" target=\"_blank\">\n\t\t\t\t\t\t\t<img fetchpriority=\"high\" decoding=\"async\" width=\"1024\" height=\"682\" src=\"https:\/\/fantazie.net\/wp-content\/uploads\/2023\/08\/KocourkovI-F-1024x682.jpg\" class=\"elementor-animation-bounce-out attachment-large size-large wp-image-1497\" alt=\"\" srcset=\"https:\/\/fantazie.net\/wp-content\/uploads\/2023\/08\/KocourkovI-F-1024x682.jpg 1024w, https:\/\/fantazie.net\/wp-content\/uploads\/2023\/08\/KocourkovI-F-300x200.jpg 300w, https:\/\/fantazie.net\/wp-content\/uploads\/2023\/08\/KocourkovI-F-768x512.jpg 768w, https:\/\/fantazie.net\/wp-content\/uploads\/2023\/08\/KocourkovI-F-1536x1024.jpg 1536w, https:\/\/fantazie.net\/wp-content\/uploads\/2023\/08\/KocourkovI-F.jpg 2000w\" sizes=\"(max-width: 1024px) 100vw, 1024px\" \/>\t\t\t\t\t\t\t\t<\/a>\n\t\t\t\t\t\t\t\t\t\t\t\t\t\t\t<\/div>\n\t\t\t\t<\/div>\n\t\t\t\t\t<\/div>\n\t\t<\/div>\n\t\t\t\t\t<\/div>\n\t\t<\/section>\n\t\t\t\t<section class=\"elementor-section elementor-top-section elementor-element elementor-element-4d757e38 elementor-section-boxed elementor-section-height-default elementor-section-height-default\" data-id=\"4d757e38\" data-element_type=\"section\" data-e-type=\"section\">\n\t\t\t\t\t\t<div class=\"elementor-container elementor-column-gap-default\">\n\t\t\t\t\t<div class=\"elementor-column elementor-col-100 elementor-top-column elementor-element elementor-element-497a12e7\" data-id=\"497a12e7\" data-element_type=\"column\" data-e-type=\"column\">\n\t\t\t<div class=\"elementor-widget-wrap elementor-element-populated\">\n\t\t\t\t\t\t<div class=\"elementor-element elementor-element-9117a66 elementor-widget elementor-widget-video\" data-id=\"9117a66\" data-element_type=\"widget\" data-e-type=\"widget\" data-settings=\"{&quot;youtube_url&quot;:&quot;https:\\\/\\\/youtu.be\\\/tPkFPRoTSAY&quot;,&quot;video_type&quot;:&quot;youtube&quot;,&quot;controls&quot;:&quot;yes&quot;}\" data-widget_type=\"video.default\">\n\t\t\t\t<div class=\"elementor-widget-container\">\n\t\t\t\t\t\t\t<div class=\"elementor-wrapper elementor-open-inline\">\n\t\t\t<div class=\"elementor-video\"><\/div>\t\t<\/div>\n\t\t\t\t\t\t<\/div>\n\t\t\t\t<\/div>\n\t\t\t\t\t<\/div>\n\t\t<\/div>\n\t\t\t\t\t<\/div>\n\t\t<\/section>\n\t\t\t\t<section class=\"elementor-section elementor-top-section elementor-element elementor-element-15d5c793 elementor-section-boxed elementor-section-height-default elementor-section-height-default\" data-id=\"15d5c793\" data-element_type=\"section\" data-e-type=\"section\">\n\t\t\t\t\t\t<div class=\"elementor-container elementor-column-gap-default\">\n\t\t\t\t\t<div class=\"elementor-column elementor-col-100 elementor-top-column elementor-element elementor-element-3bc568b9\" data-id=\"3bc568b9\" data-element_type=\"column\" data-e-type=\"column\">\n\t\t\t<div class=\"elementor-widget-wrap elementor-element-populated\">\n\t\t\t\t\t\t<div class=\"elementor-element elementor-element-428172b9 elementor-widget elementor-widget-heading\" data-id=\"428172b9\" data-element_type=\"widget\" data-e-type=\"widget\" data-widget_type=\"heading.default\">\n\t\t\t\t<div class=\"elementor-widget-container\">\n\t\t\t\t\t<h1 class=\"elementor-heading-title elementor-size-default\">Vedouc\u00ed na tomto turnusu<\/h1>\t\t\t\t<\/div>\n\t\t\t\t<\/div>\n\t\t\t\t\t<\/div>\n\t\t<\/div>\n\t\t\t\t\t<\/div>\n\t\t<\/section>\n\t\t\t\t<section class=\"elementor-section elementor-top-section elementor-element elementor-element-443ad5bf elementor-section-boxed elementor-section-height-default elementor-section-height-default\" data-id=\"443ad5bf\" data-element_type=\"section\" data-e-type=\"section\">\n\t\t\t\t\t\t<div class=\"elementor-container elementor-column-gap-default\">\n\t\t\t\t\t<div class=\"elementor-column elementor-col-33 elementor-top-column elementor-element elementor-element-3fd459a9\" data-id=\"3fd459a9\" data-element_type=\"column\" data-e-type=\"column\">\n\t\t\t<div class=\"elementor-widget-wrap elementor-element-populated\">\n\t\t\t\t\t\t<div class=\"elementor-element elementor-element-7bcfbc46 elementor-position-top elementor-widget elementor-widget-image-box\" data-id=\"7bcfbc46\" data-element_type=\"widget\" data-e-type=\"widget\" data-widget_type=\"image-box.default\">\n\t\t\t\t<div class=\"elementor-widget-container\">\n\t\t\t\t\t<div class=\"elementor-image-box-wrapper\"><figure class=\"elementor-image-box-img\"><img decoding=\"async\" width=\"415\" height=\"397\" src=\"https:\/\/fantazie.net\/wp-content\/uploads\/2021\/12\/Lucka-1.jpg\" class=\"attachment-full size-full wp-image-292\" alt=\"\" srcset=\"https:\/\/fantazie.net\/wp-content\/uploads\/2021\/12\/Lucka-1.jpg 415w, https:\/\/fantazie.net\/wp-content\/uploads\/2021\/12\/Lucka-1-300x287.jpg 300w\" sizes=\"(max-width: 415px) 100vw, 415px\" \/><\/figure><div class=\"elementor-image-box-content\"><h3 class=\"elementor-image-box-title\">Lucka<\/h3><p class=\"elementor-image-box-description\">HLAVN\u00cd VEDOUC\u00cd\nzdravotn\u00edk\n\nKontakt:\ntel: +420731642806\ne-mail: tabory@fantazie.net<\/p><\/div><\/div>\t\t\t\t<\/div>\n\t\t\t\t<\/div>\n\t\t\t\t\t<\/div>\n\t\t<\/div>\n\t\t\t\t<div class=\"elementor-column elementor-col-33 elementor-top-column elementor-element elementor-element-7bced8c\" data-id=\"7bced8c\" data-element_type=\"column\" data-e-type=\"column\">\n\t\t\t<div class=\"elementor-widget-wrap elementor-element-populated\">\n\t\t\t\t\t\t<div class=\"elementor-element elementor-element-4a4138f0 elementor-position-top elementor-widget elementor-widget-image-box\" data-id=\"4a4138f0\" data-element_type=\"widget\" data-e-type=\"widget\" data-widget_type=\"image-box.default\">\n\t\t\t\t<div class=\"elementor-widget-container\">\n\t\t\t\t\t<div class=\"elementor-image-box-wrapper\"><figure class=\"elementor-image-box-img\"><img decoding=\"async\" width=\"385\" height=\"378\" src=\"https:\/\/fantazie.net\/wp-content\/uploads\/2021\/12\/Pepa-e1638906122278-1.jpg\" class=\"attachment-full size-full wp-image-296\" alt=\"\" srcset=\"https:\/\/fantazie.net\/wp-content\/uploads\/2021\/12\/Pepa-e1638906122278-1.jpg 385w, https:\/\/fantazie.net\/wp-content\/uploads\/2021\/12\/Pepa-e1638906122278-1-300x295.jpg 300w\" sizes=\"(max-width: 385px) 100vw, 385px\" \/><\/figure><div class=\"elementor-image-box-content\"><h3 class=\"elementor-image-box-title\">Pepa<\/h3><p class=\"elementor-image-box-description\">Vedouc\u00ed\n<\/p><\/div><\/div>\t\t\t\t<\/div>\n\t\t\t\t<\/div>\n\t\t\t\t\t<\/div>\n\t\t<\/div>\n\t\t\t\t<div class=\"elementor-column elementor-col-33 elementor-top-column elementor-element elementor-element-6d484ca\" data-id=\"6d484ca\" data-element_type=\"column\" data-e-type=\"column\">\n\t\t\t<div class=\"elementor-widget-wrap elementor-element-populated\">\n\t\t\t\t\t\t<div class=\"elementor-element elementor-element-3f9f3412 elementor-position-top elementor-widget elementor-widget-image-box\" data-id=\"3f9f3412\" data-element_type=\"widget\" data-e-type=\"widget\" data-widget_type=\"image-box.default\">\n\t\t\t\t<div class=\"elementor-widget-container\">\n\t\t\t\t\t<div class=\"elementor-image-box-wrapper\"><figure class=\"elementor-image-box-img\"><img loading=\"lazy\" decoding=\"async\" width=\"583\" height=\"624\" src=\"https:\/\/fantazie.net\/wp-content\/uploads\/2021\/12\/Anicka-1.jpg\" class=\"attachment-full size-full wp-image-285\" alt=\"\" srcset=\"https:\/\/fantazie.net\/wp-content\/uploads\/2021\/12\/Anicka-1.jpg 583w, https:\/\/fantazie.net\/wp-content\/uploads\/2021\/12\/Anicka-1-280x300.jpg 280w\" sizes=\"(max-width: 583px) 100vw, 583px\" \/><\/figure><div class=\"elementor-image-box-content\"><h3 class=\"elementor-image-box-title\">Ani\u010dka<\/h3><p class=\"elementor-image-box-description\">Vedouc\u00ed\n<\/p><\/div><\/div>\t\t\t\t<\/div>\n\t\t\t\t<\/div>\n\t\t\t\t\t<\/div>\n\t\t<\/div>\n\t\t\t\t\t<\/div>\n\t\t<\/section>\n\t\t\t\t<section class=\"elementor-section elementor-top-section elementor-element elementor-element-3dfaecc6 elementor-section-boxed elementor-section-height-default elementor-section-height-default\" data-id=\"3dfaecc6\" data-element_type=\"section\" data-e-type=\"section\">\n\t\t\t\t\t\t<div class=\"elementor-container elementor-column-gap-default\">\n\t\t\t\t\t<div class=\"elementor-column elementor-col-33 elementor-top-column elementor-element elementor-element-edd7d47\" data-id=\"edd7d47\" data-element_type=\"column\" data-e-type=\"column\">\n\t\t\t<div class=\"elementor-widget-wrap elementor-element-populated\">\n\t\t\t\t\t\t<div class=\"elementor-element elementor-element-1c2399ed elementor-position-top elementor-widget elementor-widget-image-box\" data-id=\"1c2399ed\" data-element_type=\"widget\" data-e-type=\"widget\" data-widget_type=\"image-box.default\">\n\t\t\t\t<div class=\"elementor-widget-container\">\n\t\t\t\t\t<div class=\"elementor-image-box-wrapper\"><figure class=\"elementor-image-box-img\"><img loading=\"lazy\" decoding=\"async\" width=\"672\" height=\"787\" src=\"https:\/\/fantazie.net\/wp-content\/uploads\/2021\/12\/Martin-1.jpg\" class=\"attachment-full size-full wp-image-294\" alt=\"\" srcset=\"https:\/\/fantazie.net\/wp-content\/uploads\/2021\/12\/Martin-1.jpg 672w, https:\/\/fantazie.net\/wp-content\/uploads\/2021\/12\/Martin-1-256x300.jpg 256w\" sizes=\"(max-width: 672px) 100vw, 672px\" \/><\/figure><div class=\"elementor-image-box-content\"><h3 class=\"elementor-image-box-title\">Martin<\/h3><p class=\"elementor-image-box-description\">Vedouc\u00ed<\/p><\/div><\/div>\t\t\t\t<\/div>\n\t\t\t\t<\/div>\n\t\t\t\t\t<\/div>\n\t\t<\/div>\n\t\t\t\t<div class=\"elementor-column elementor-col-33 elementor-top-column elementor-element elementor-element-5d1fed84\" data-id=\"5d1fed84\" data-element_type=\"column\" data-e-type=\"column\">\n\t\t\t<div class=\"elementor-widget-wrap elementor-element-populated\">\n\t\t\t\t\t\t<div class=\"elementor-element elementor-element-3addeac9 elementor-position-top elementor-widget elementor-widget-image-box\" data-id=\"3addeac9\" data-element_type=\"widget\" data-e-type=\"widget\" data-widget_type=\"image-box.default\">\n\t\t\t\t<div class=\"elementor-widget-container\">\n\t\t\t\t\t<div class=\"elementor-image-box-wrapper\"><figure class=\"elementor-image-box-img\"><img loading=\"lazy\" decoding=\"async\" width=\"1211\" height=\"1285\" src=\"https:\/\/fantazie.net\/wp-content\/uploads\/2021\/12\/Domca-1.jpg\" class=\"attachment-full size-full wp-image-286\" alt=\"\" srcset=\"https:\/\/fantazie.net\/wp-content\/uploads\/2021\/12\/Domca-1.jpg 1211w, https:\/\/fantazie.net\/wp-content\/uploads\/2021\/12\/Domca-1-283x300.jpg 283w, https:\/\/fantazie.net\/wp-content\/uploads\/2021\/12\/Domca-1-965x1024.jpg 965w, https:\/\/fantazie.net\/wp-content\/uploads\/2021\/12\/Domca-1-768x815.jpg 768w\" sizes=\"(max-width: 1211px) 100vw, 1211px\" \/><\/figure><div class=\"elementor-image-box-content\"><h3 class=\"elementor-image-box-title\">Dom\u010da<\/h3><p class=\"elementor-image-box-description\">Vedouc\u00ed\n<\/p><\/div><\/div>\t\t\t\t<\/div>\n\t\t\t\t<\/div>\n\t\t\t\t\t<\/div>\n\t\t<\/div>\n\t\t\t\t<div class=\"elementor-column elementor-col-33 elementor-top-column elementor-element elementor-element-41a10f7f\" data-id=\"41a10f7f\" data-element_type=\"column\" data-e-type=\"column\">\n\t\t\t<div class=\"elementor-widget-wrap elementor-element-populated\">\n\t\t\t\t\t\t<div class=\"elementor-element elementor-element-51647aa5 elementor-position-top elementor-widget elementor-widget-image-box\" data-id=\"51647aa5\" data-element_type=\"widget\" data-e-type=\"widget\" data-widget_type=\"image-box.default\">\n\t\t\t\t<div class=\"elementor-widget-container\">\n\t\t\t\t\t<div class=\"elementor-image-box-wrapper\"><figure class=\"elementor-image-box-img\"><img loading=\"lazy\" decoding=\"async\" width=\"622\" height=\"708\" src=\"https:\/\/fantazie.net\/wp-content\/uploads\/2021\/12\/Leos-1.jpg\" class=\"attachment-full size-full wp-image-291\" alt=\"\" srcset=\"https:\/\/fantazie.net\/wp-content\/uploads\/2021\/12\/Leos-1.jpg 622w, https:\/\/fantazie.net\/wp-content\/uploads\/2021\/12\/Leos-1-264x300.jpg 264w\" sizes=\"(max-width: 622px) 100vw, 622px\" \/><\/figure><div class=\"elementor-image-box-content\"><h3 class=\"elementor-image-box-title\">Leo\u0161<\/h3><p class=\"elementor-image-box-description\">Vedouc\u00ed<\/p><\/div><\/div>\t\t\t\t<\/div>\n\t\t\t\t<\/div>\n\t\t\t\t\t<\/div>\n\t\t<\/div>\n\t\t\t\t\t<\/div>\n\t\t<\/section>\n\t\t\t\t<section class=\"elementor-section elementor-top-section elementor-element elementor-element-57c9eb7 elementor-section-boxed elementor-section-height-default elementor-section-height-default\" data-id=\"57c9eb7\" data-element_type=\"section\" data-e-type=\"section\">\n\t\t\t\t\t\t<div class=\"elementor-container elementor-column-gap-default\">\n\t\t\t\t\t<div class=\"elementor-column elementor-col-100 elementor-top-column elementor-element elementor-element-bcbc99f\" data-id=\"bcbc99f\" data-element_type=\"column\" data-e-type=\"column\">\n\t\t\t<div class=\"elementor-widget-wrap elementor-element-populated\">\n\t\t\t\t\t\t<div class=\"elementor-element elementor-element-74b48b51 elementor-position-top elementor-widget elementor-widget-image-box\" data-id=\"74b48b51\" data-element_type=\"widget\" data-e-type=\"widget\" data-widget_type=\"image-box.default\">\n\t\t\t\t<div class=\"elementor-widget-container\">\n\t\t\t\t\t<div class=\"elementor-image-box-wrapper\"><figure class=\"elementor-image-box-img\"><img decoding=\"async\" src=\"http:\/\/127.0.0.1\/eds-modules\/wordpress580x211204222735\/wp-content\/uploads\/2021\/12\/placeholder-2.png\" title=\"\" alt=\"\" loading=\"lazy\" \/><\/figure><div class=\"elementor-image-box-content\"><h3 class=\"elementor-image-box-title\">Vojta<\/h3><p class=\"elementor-image-box-description\">Vedouc\u00ed\n<\/p><\/div><\/div>\t\t\t\t<\/div>\n\t\t\t\t<\/div>\n\t\t\t\t\t<\/div>\n\t\t<\/div>\n\t\t\t\t\t<\/div>\n\t\t<\/section>\n\t\t\t\t<\/div>\n\t\t","protected":false},"excerpt":{"rendered":"<p>Fotky z t\u00e1bora Kocourkov I Zn\u00e1te ty bacily, kter\u00e9 d\u011blaj\u00ed z lid\u00ed hlup\u00e1ky a nut\u00ed je d\u011blat v\u011bci, kter\u00e9 jsou na prvn\u00ed pohled z\u00e1bavn\u00e9, ale na ten druh\u00fd mohou i hodn\u011b komplikovat \u017eivot? A co, kdy\u017e se p\u0159ijde na to, \u017ee se epidemie hlouposti roz\u0161i\u0159uje nekontrolovateln\u011b po cel\u00e9m sv\u011bt\u011b? Co potom s t\u00edm? Pojd\u00b4me si [&hellip;]<\/p>\n","protected":false},"author":2,"featured_media":0,"parent":0,"menu_order":0,"comment_status":"closed","ping_status":"closed","template":"elementor_theme","meta":{"ocean_post_layout":"full-screen","ocean_both_sidebars_style":"","ocean_both_sidebars_content_width":0,"ocean_both_sidebars_sidebars_width":0,"ocean_sidebar":"0","ocean_second_sidebar":"0","ocean_disable_margins":"enable","ocean_add_body_class":"","ocean_shortcode_before_top_bar":"","ocean_shortcode_after_top_bar":"","ocean_shortcode_before_header":"","ocean_shortcode_after_header":"","ocean_has_shortcode":"","ocean_shortcode_after_title":"","ocean_shortcode_before_footer_widgets":"","ocean_shortcode_after_footer_widgets":"","ocean_shortcode_before_footer_bottom":"","ocean_shortcode_after_footer_bottom":"","ocean_display_top_bar":"off","ocean_display_header":"on","ocean_header_style":"","ocean_center_header_left_menu":"0","ocean_custom_header_template":"0","ocean_custom_logo":0,"ocean_custom_retina_logo":0,"ocean_custom_logo_max_width":0,"ocean_custom_logo_tablet_max_width":0,"ocean_custom_logo_mobile_max_width":0,"ocean_custom_logo_max_height":0,"ocean_custom_logo_tablet_max_height":0,"ocean_custom_logo_mobile_max_height":0,"ocean_header_custom_menu":"0","ocean_menu_typo_font_family":"0","ocean_menu_typo_font_subset":"","ocean_menu_typo_font_size":0,"ocean_menu_typo_font_size_tablet":0,"ocean_menu_typo_font_size_mobile":0,"ocean_menu_typo_font_size_unit":"px","ocean_menu_typo_font_weight":"","ocean_menu_typo_font_weight_tablet":"","ocean_menu_typo_font_weight_mobile":"","ocean_menu_typo_transform":"","ocean_menu_typo_transform_tablet":"","ocean_menu_typo_transform_mobile":"","ocean_menu_typo_line_height":0,"ocean_menu_typo_line_height_tablet":0,"ocean_menu_typo_line_height_mobile":0,"ocean_menu_typo_line_height_unit":"","ocean_menu_typo_spacing":0,"ocean_menu_typo_spacing_tablet":0,"ocean_menu_typo_spacing_mobile":0,"ocean_menu_typo_spacing_unit":"","ocean_menu_link_color":"","ocean_menu_link_color_hover":"","ocean_menu_link_color_active":"","ocean_menu_link_background":"","ocean_menu_link_hover_background":"","ocean_menu_link_active_background":"","ocean_menu_social_links_bg":"","ocean_menu_social_hover_links_bg":"","ocean_menu_social_links_color":"","ocean_menu_social_hover_links_color":"","ocean_disable_title":"default","ocean_disable_heading":"default","ocean_post_title":"","ocean_post_subheading":"","ocean_post_title_style":"","ocean_post_title_background_color":"","ocean_post_title_background":0,"ocean_post_title_bg_image_position":"","ocean_post_title_bg_image_attachment":"","ocean_post_title_bg_image_repeat":"","ocean_post_title_bg_image_size":"","ocean_post_title_height":0,"ocean_post_title_bg_overlay":0.5,"ocean_post_title_bg_overlay_color":"","ocean_disable_breadcrumbs":"default","ocean_breadcrumbs_color":"","ocean_breadcrumbs_separator_color":"","ocean_breadcrumbs_links_color":"","ocean_breadcrumbs_links_hover_color":"","ocean_display_footer_widgets":"off","ocean_display_footer_bottom":"off","ocean_custom_footer_template":"0","footnotes":""},"class_list":["post-236","page","type-page","status-publish","hentry","entry"],"_links":{"self":[{"href":"https:\/\/fantazie.net\/index.php\/wp-json\/wp\/v2\/pages\/236","targetHints":{"allow":["GET"]}}],"collection":[{"href":"https:\/\/fantazie.net\/index.php\/wp-json\/wp\/v2\/pages"}],"about":[{"href":"https:\/\/fantazie.net\/index.php\/wp-json\/wp\/v2\/types\/page"}],"author":[{"embeddable":true,"href":"https:\/\/fantazie.net\/index.php\/wp-json\/wp\/v2\/users\/2"}],"replies":[{"embeddable":true,"href":"https:\/\/fantazie.net\/index.php\/wp-json\/wp\/v2\/comments?post=236"}],"version-history":[{"count":3,"href":"https:\/\/fantazie.net\/index.php\/wp-json\/wp\/v2\/pages\/236\/revisions"}],"predecessor-version":[{"id":1666,"href":"https:\/\/fantazie.net\/index.php\/wp-json\/wp\/v2\/pages\/236\/revisions\/1666"}],"wp:attachment":[{"href":"https:\/\/fantazie.net\/index.php\/wp-json\/wp\/v2\/media?parent=236"}],"curies":[{"name":"wp","href":"https:\/\/api.w.org\/{rel}","templated":true}]}}