{"id":247,"date":"2021-12-05T18:56:00","date_gmt":"2021-12-05T18:56:00","guid":{"rendered":"http:\/\/127.0.0.1\/eds-modules\/wordpress580x211204222735\/?page_id=247"},"modified":"2023-08-27T19:42:04","modified_gmt":"2023-08-27T19:42:04","slug":"kocourkov-ii","status":"publish","type":"page","link":"https:\/\/fantazie.net\/index.php\/kocourkov-ii\/","title":{"rendered":"Kocourkov II"},"content":{"rendered":"\t\t<div data-elementor-type=\"wp-page\" data-elementor-id=\"247\" class=\"elementor elementor-247\">\n\t\t\t\t\t\t<section class=\"elementor-section elementor-top-section elementor-element elementor-element-546d6748 elementor-section-full_width elementor-section-height-default elementor-section-height-default\" data-id=\"546d6748\" data-element_type=\"section\" data-e-type=\"section\">\n\t\t\t\t\t\t<div class=\"elementor-container elementor-column-gap-default\">\n\t\t\t\t\t<div class=\"elementor-column elementor-col-100 elementor-top-column elementor-element elementor-element-4f8bdd4a\" data-id=\"4f8bdd4a\" data-element_type=\"column\" data-e-type=\"column\">\n\t\t\t<div class=\"elementor-widget-wrap elementor-element-populated\">\n\t\t\t\t\t\t<div class=\"elementor-element elementor-element-6231d96c elementor-widget elementor-widget-heading\" data-id=\"6231d96c\" data-element_type=\"widget\" data-e-type=\"widget\" data-widget_type=\"heading.default\">\n\t\t\t\t<div class=\"elementor-widget-container\">\n\t\t\t\t\t<h1 class=\"elementor-heading-title elementor-size-default\">Fotky z t\u00e1bora<\/h1>\t\t\t\t<\/div>\n\t\t\t\t<\/div>\n\t\t\t\t\t<\/div>\n\t\t<\/div>\n\t\t\t\t\t<\/div>\n\t\t<\/section>\n\t\t\t\t<section class=\"elementor-section elementor-top-section elementor-element elementor-element-1b27b76e elementor-section-boxed elementor-section-height-default elementor-section-height-default\" data-id=\"1b27b76e\" data-element_type=\"section\" data-e-type=\"section\">\n\t\t\t\t\t\t<div class=\"elementor-container elementor-column-gap-default\">\n\t\t\t\t\t<div class=\"elementor-column elementor-col-50 elementor-top-column elementor-element elementor-element-5030deac\" data-id=\"5030deac\" data-element_type=\"column\" data-e-type=\"column\">\n\t\t\t<div class=\"elementor-widget-wrap elementor-element-populated\">\n\t\t\t\t\t\t<div class=\"elementor-element elementor-element-1fcdaac3 elementor-widget elementor-widget-heading\" data-id=\"1fcdaac3\" data-element_type=\"widget\" data-e-type=\"widget\" data-widget_type=\"heading.default\">\n\t\t\t\t<div class=\"elementor-widget-container\">\n\t\t\t\t\t<h2 class=\"elementor-heading-title elementor-size-default\">Kocourkiv II<\/h2>\t\t\t\t<\/div>\n\t\t\t\t<\/div>\n\t\t\t\t<div class=\"elementor-element elementor-element-509a082d elementor-widget elementor-widget-text-editor\" data-id=\"509a082d\" data-element_type=\"widget\" data-e-type=\"widget\" data-widget_type=\"text-editor.default\">\n\t\t\t\t<div class=\"elementor-widget-container\">\n\t\t\t\t\t\t\t\t\t<p>Pr\u00e1zdniny jsou od toho, aby se u\u017e\u00edvaly, ale tak\u00e9 existuje jedno r\u010den\u00ed: \u201cKdy\u017e jsem jedin\u00fd, kdo pomoct m\u016f\u017ee, tak prost\u011b mus\u00edm.\u201c A my v tom sice nejsme sami, ale jsme jedin\u00ed, kte\u0159\u00ed si za\u010d\u00ednaj\u00ed podivnost\u00ed na tomto sv\u011bt\u011b v\u0161\u00edmat. Budeme si u\u017e\u00edvat l\u00e9ta, ani\u017e bychom zakro\u010dili proti neviditeln\u00e9mu nep\u0159\u00edteli? Anebo zvl\u00e1dneme oboj\u00ed?! Jsou mezi n\u00e1mi jak dokto\u0159i, kte\u0159\u00ed um\u00ed l\u00e9\u010dit, tak lete\u010dt\u00ed in\u017een\u00fd\u0159i nebo stavitel\u00e9. Dohromady p\u0159eci mus\u00edme naj\u00edt l\u00e9k na pandemii, kter\u00e1 sv\u011bt postupn\u011b ohro\u017euje. Pandemie hlouposti je toti\u017e nejv\u00edce zr\u00e1dn\u00e1 v tom, \u017ee zd\u00e1nliv\u011b nen\u00ed vid\u011bt\u2026.Ale kdo se boj\u00ed, nesm\u00ed do lesa, tak\u017ee poj\u010fte s n\u00e1mi do toho!<\/p>\t\t\t\t\t\t\t\t<\/div>\n\t\t\t\t<\/div>\n\t\t\t\t<div class=\"elementor-element elementor-element-88db06e elementor-widget elementor-widget-heading\" data-id=\"88db06e\" data-element_type=\"widget\" data-e-type=\"widget\" data-widget_type=\"heading.default\">\n\t\t\t\t<div class=\"elementor-widget-container\">\n\t\t\t\t\t<h2 class=\"elementor-heading-title elementor-size-default\">Chcete se pod\u00edvat na fotky z tohoto turnusu ? <\/h2>\t\t\t\t<\/div>\n\t\t\t\t<\/div>\n\t\t\t\t\t<\/div>\n\t\t<\/div>\n\t\t\t\t<div class=\"elementor-column elementor-col-50 elementor-top-column elementor-element elementor-element-27c944e3\" data-id=\"27c944e3\" data-element_type=\"column\" data-e-type=\"column\">\n\t\t\t<div class=\"elementor-widget-wrap elementor-element-populated\">\n\t\t\t\t\t\t<div class=\"elementor-element elementor-element-1c2d6da0 elementor-widget elementor-widget-image\" data-id=\"1c2d6da0\" data-element_type=\"widget\" data-e-type=\"widget\" data-widget_type=\"image.default\">\n\t\t\t\t<div class=\"elementor-widget-container\">\n\t\t\t\t\t\t\t\t\t\t\t\t\t\t\t\t<a href=\"https:\/\/photos.app.goo.gl\/uukQ9pLyQthUyyu69\" target=\"_blank\">\n\t\t\t\t\t\t\t<img fetchpriority=\"high\" decoding=\"async\" width=\"1024\" height=\"682\" src=\"https:\/\/fantazie.net\/wp-content\/uploads\/2023\/08\/KocourkovII-F-1024x682.jpg\" class=\"elementor-animation-bounce-out attachment-large size-large wp-image-1499\" alt=\"\" srcset=\"https:\/\/fantazie.net\/wp-content\/uploads\/2023\/08\/KocourkovII-F-1024x682.jpg 1024w, https:\/\/fantazie.net\/wp-content\/uploads\/2023\/08\/KocourkovII-F-300x200.jpg 300w, https:\/\/fantazie.net\/wp-content\/uploads\/2023\/08\/KocourkovII-F-768x512.jpg 768w, https:\/\/fantazie.net\/wp-content\/uploads\/2023\/08\/KocourkovII-F-1536x1024.jpg 1536w, https:\/\/fantazie.net\/wp-content\/uploads\/2023\/08\/KocourkovII-F.jpg 2000w\" sizes=\"(max-width: 1024px) 100vw, 1024px\" \/>\t\t\t\t\t\t\t\t<\/a>\n\t\t\t\t\t\t\t\t\t\t\t\t\t\t\t<\/div>\n\t\t\t\t<\/div>\n\t\t\t\t\t<\/div>\n\t\t<\/div>\n\t\t\t\t\t<\/div>\n\t\t<\/section>\n\t\t\t\t<section class=\"elementor-section elementor-top-section elementor-element elementor-element-77281a56 elementor-section-boxed elementor-section-height-default elementor-section-height-default\" data-id=\"77281a56\" data-element_type=\"section\" data-e-type=\"section\">\n\t\t\t\t\t\t<div class=\"elementor-container elementor-column-gap-default\">\n\t\t\t\t\t<div class=\"elementor-column elementor-col-100 elementor-top-column elementor-element elementor-element-2d62c333\" data-id=\"2d62c333\" data-element_type=\"column\" data-e-type=\"column\">\n\t\t\t<div class=\"elementor-widget-wrap elementor-element-populated\">\n\t\t\t\t\t\t<div class=\"elementor-element elementor-element-602ada0d elementor-widget elementor-widget-video\" data-id=\"602ada0d\" data-element_type=\"widget\" data-e-type=\"widget\" data-settings=\"{&quot;youtube_url&quot;:&quot;https:\\\/\\\/youtu.be\\\/HGYv_7FejI8&quot;,&quot;video_type&quot;:&quot;youtube&quot;,&quot;controls&quot;:&quot;yes&quot;}\" data-widget_type=\"video.default\">\n\t\t\t\t<div class=\"elementor-widget-container\">\n\t\t\t\t\t\t\t<div class=\"elementor-wrapper elementor-open-inline\">\n\t\t\t<div class=\"elementor-video\"><\/div>\t\t<\/div>\n\t\t\t\t\t\t<\/div>\n\t\t\t\t<\/div>\n\t\t\t\t\t<\/div>\n\t\t<\/div>\n\t\t\t\t\t<\/div>\n\t\t<\/section>\n\t\t\t\t<section class=\"elementor-section elementor-top-section elementor-element elementor-element-7316b6e1 elementor-section-boxed elementor-section-height-default elementor-section-height-default\" data-id=\"7316b6e1\" data-element_type=\"section\" data-e-type=\"section\">\n\t\t\t\t\t\t<div class=\"elementor-container elementor-column-gap-default\">\n\t\t\t\t\t<div class=\"elementor-column elementor-col-100 elementor-top-column elementor-element elementor-element-34020370\" data-id=\"34020370\" data-element_type=\"column\" data-e-type=\"column\">\n\t\t\t<div class=\"elementor-widget-wrap elementor-element-populated\">\n\t\t\t\t\t\t<div class=\"elementor-element elementor-element-21faee61 elementor-widget elementor-widget-heading\" data-id=\"21faee61\" data-element_type=\"widget\" data-e-type=\"widget\" data-widget_type=\"heading.default\">\n\t\t\t\t<div class=\"elementor-widget-container\">\n\t\t\t\t\t<h1 class=\"elementor-heading-title elementor-size-default\">Vedouc\u00ed na tomto turnusu<\/h1>\t\t\t\t<\/div>\n\t\t\t\t<\/div>\n\t\t\t\t\t<\/div>\n\t\t<\/div>\n\t\t\t\t\t<\/div>\n\t\t<\/section>\n\t\t\t\t<section class=\"elementor-section elementor-top-section elementor-element elementor-element-6bcb1c9d elementor-section-boxed elementor-section-height-default elementor-section-height-default\" data-id=\"6bcb1c9d\" data-element_type=\"section\" data-e-type=\"section\">\n\t\t\t\t\t\t<div class=\"elementor-container elementor-column-gap-default\">\n\t\t\t\t\t<div class=\"elementor-column elementor-col-33 elementor-top-column elementor-element elementor-element-3cfd5fcb\" data-id=\"3cfd5fcb\" data-element_type=\"column\" data-e-type=\"column\">\n\t\t\t<div class=\"elementor-widget-wrap elementor-element-populated\">\n\t\t\t\t\t\t<div class=\"elementor-element elementor-element-64387f33 elementor-position-top elementor-widget elementor-widget-image-box\" data-id=\"64387f33\" data-element_type=\"widget\" data-e-type=\"widget\" data-widget_type=\"image-box.default\">\n\t\t\t\t<div class=\"elementor-widget-container\">\n\t\t\t\t\t<div class=\"elementor-image-box-wrapper\"><figure class=\"elementor-image-box-img\"><img decoding=\"async\" width=\"415\" height=\"397\" src=\"https:\/\/fantazie.net\/wp-content\/uploads\/2021\/12\/Lucka-1.jpg\" class=\"attachment-full size-full wp-image-292\" alt=\"\" srcset=\"https:\/\/fantazie.net\/wp-content\/uploads\/2021\/12\/Lucka-1.jpg 415w, https:\/\/fantazie.net\/wp-content\/uploads\/2021\/12\/Lucka-1-300x287.jpg 300w\" sizes=\"(max-width: 415px) 100vw, 415px\" \/><\/figure><div class=\"elementor-image-box-content\"><h3 class=\"elementor-image-box-title\">Lucka<\/h3><p class=\"elementor-image-box-description\">HLAVN\u00cd VEDOUC\u00cd\nzdravotn\u00edk \nKontakt: \n  tel: +420731642806 e-mail: tabory@fantazie.net<\/p><\/div><\/div>\t\t\t\t<\/div>\n\t\t\t\t<\/div>\n\t\t\t\t\t<\/div>\n\t\t<\/div>\n\t\t\t\t<div class=\"elementor-column elementor-col-33 elementor-top-column elementor-element elementor-element-30b1e974\" data-id=\"30b1e974\" data-element_type=\"column\" data-e-type=\"column\">\n\t\t\t<div class=\"elementor-widget-wrap elementor-element-populated\">\n\t\t\t\t\t\t<div class=\"elementor-element elementor-element-485c6dc7 elementor-position-top elementor-widget elementor-widget-image-box\" data-id=\"485c6dc7\" data-element_type=\"widget\" data-e-type=\"widget\" data-widget_type=\"image-box.default\">\n\t\t\t\t<div class=\"elementor-widget-container\">\n\t\t\t\t\t<div class=\"elementor-image-box-wrapper\"><figure class=\"elementor-image-box-img\"><img decoding=\"async\" width=\"385\" height=\"378\" src=\"https:\/\/fantazie.net\/wp-content\/uploads\/2021\/12\/Pepa-e1638906122278-1.jpg\" class=\"attachment-full size-full wp-image-296\" alt=\"\" srcset=\"https:\/\/fantazie.net\/wp-content\/uploads\/2021\/12\/Pepa-e1638906122278-1.jpg 385w, https:\/\/fantazie.net\/wp-content\/uploads\/2021\/12\/Pepa-e1638906122278-1-300x295.jpg 300w\" sizes=\"(max-width: 385px) 100vw, 385px\" \/><\/figure><div class=\"elementor-image-box-content\"><h3 class=\"elementor-image-box-title\">Pepa<\/h3><p class=\"elementor-image-box-description\">Vedouc\u00ed\n<\/p><\/div><\/div>\t\t\t\t<\/div>\n\t\t\t\t<\/div>\n\t\t\t\t\t<\/div>\n\t\t<\/div>\n\t\t\t\t<div class=\"elementor-column elementor-col-33 elementor-top-column elementor-element elementor-element-7be53494\" data-id=\"7be53494\" data-element_type=\"column\" data-e-type=\"column\">\n\t\t\t<div class=\"elementor-widget-wrap elementor-element-populated\">\n\t\t\t\t\t\t<div class=\"elementor-element elementor-element-cf14e83 elementor-position-top elementor-widget elementor-widget-image-box\" data-id=\"cf14e83\" data-element_type=\"widget\" data-e-type=\"widget\" data-widget_type=\"image-box.default\">\n\t\t\t\t<div class=\"elementor-widget-container\">\n\t\t\t\t\t<div class=\"elementor-image-box-wrapper\"><figure class=\"elementor-image-box-img\"><img loading=\"lazy\" decoding=\"async\" width=\"583\" height=\"624\" src=\"https:\/\/fantazie.net\/wp-content\/uploads\/2021\/12\/Anicka-1.jpg\" class=\"attachment-full size-full wp-image-285\" alt=\"\" srcset=\"https:\/\/fantazie.net\/wp-content\/uploads\/2021\/12\/Anicka-1.jpg 583w, https:\/\/fantazie.net\/wp-content\/uploads\/2021\/12\/Anicka-1-280x300.jpg 280w\" sizes=\"(max-width: 583px) 100vw, 583px\" \/><\/figure><div class=\"elementor-image-box-content\"><h3 class=\"elementor-image-box-title\">Ani\u010dka<\/h3><p class=\"elementor-image-box-description\">Vedouc\u00ed\n<\/p><\/div><\/div>\t\t\t\t<\/div>\n\t\t\t\t<\/div>\n\t\t\t\t\t<\/div>\n\t\t<\/div>\n\t\t\t\t\t<\/div>\n\t\t<\/section>\n\t\t\t\t<section class=\"elementor-section elementor-top-section elementor-element elementor-element-53b396d9 elementor-section-boxed elementor-section-height-default elementor-section-height-default\" data-id=\"53b396d9\" data-element_type=\"section\" data-e-type=\"section\">\n\t\t\t\t\t\t<div class=\"elementor-container elementor-column-gap-default\">\n\t\t\t\t\t<div class=\"elementor-column elementor-col-33 elementor-top-column elementor-element elementor-element-6746193a\" data-id=\"6746193a\" data-element_type=\"column\" data-e-type=\"column\">\n\t\t\t<div class=\"elementor-widget-wrap elementor-element-populated\">\n\t\t\t\t\t\t<div class=\"elementor-element elementor-element-2cb2c072 elementor-position-top elementor-widget elementor-widget-image-box\" data-id=\"2cb2c072\" data-element_type=\"widget\" data-e-type=\"widget\" data-widget_type=\"image-box.default\">\n\t\t\t\t<div class=\"elementor-widget-container\">\n\t\t\t\t\t<div class=\"elementor-image-box-wrapper\"><figure class=\"elementor-image-box-img\"><img loading=\"lazy\" decoding=\"async\" width=\"622\" height=\"708\" src=\"https:\/\/fantazie.net\/wp-content\/uploads\/2021\/12\/Leos-1.jpg\" class=\"attachment-full size-full wp-image-291\" alt=\"\" srcset=\"https:\/\/fantazie.net\/wp-content\/uploads\/2021\/12\/Leos-1.jpg 622w, https:\/\/fantazie.net\/wp-content\/uploads\/2021\/12\/Leos-1-264x300.jpg 264w\" sizes=\"(max-width: 622px) 100vw, 622px\" \/><\/figure><div class=\"elementor-image-box-content\"><h3 class=\"elementor-image-box-title\">Leo\u0161<\/h3><p class=\"elementor-image-box-description\">Vedouc\u00ed<\/p><\/div><\/div>\t\t\t\t<\/div>\n\t\t\t\t<\/div>\n\t\t\t\t\t<\/div>\n\t\t<\/div>\n\t\t\t\t<div class=\"elementor-column elementor-col-33 elementor-top-column elementor-element elementor-element-72cde1ec\" data-id=\"72cde1ec\" data-element_type=\"column\" data-e-type=\"column\">\n\t\t\t<div class=\"elementor-widget-wrap elementor-element-populated\">\n\t\t\t\t\t\t<div class=\"elementor-element elementor-element-5013f2e elementor-position-top elementor-widget elementor-widget-image-box\" data-id=\"5013f2e\" data-element_type=\"widget\" data-e-type=\"widget\" data-widget_type=\"image-box.default\">\n\t\t\t\t<div class=\"elementor-widget-container\">\n\t\t\t\t\t<div class=\"elementor-image-box-wrapper\"><figure class=\"elementor-image-box-img\"><img loading=\"lazy\" decoding=\"async\" width=\"1391\" height=\"1558\" src=\"https:\/\/fantazie.net\/wp-content\/uploads\/2021\/12\/Paja-1.jpg\" class=\"attachment-full size-full wp-image-295\" alt=\"\" srcset=\"https:\/\/fantazie.net\/wp-content\/uploads\/2021\/12\/Paja-1.jpg 1391w, https:\/\/fantazie.net\/wp-content\/uploads\/2021\/12\/Paja-1-268x300.jpg 268w, https:\/\/fantazie.net\/wp-content\/uploads\/2021\/12\/Paja-1-914x1024.jpg 914w, https:\/\/fantazie.net\/wp-content\/uploads\/2021\/12\/Paja-1-768x860.jpg 768w, https:\/\/fantazie.net\/wp-content\/uploads\/2021\/12\/Paja-1-1371x1536.jpg 1371w\" sizes=\"(max-width: 1391px) 100vw, 1391px\" \/><\/figure><div class=\"elementor-image-box-content\"><h3 class=\"elementor-image-box-title\">P\u00e1ja<\/h3><p class=\"elementor-image-box-description\">Vedouc\u00ed\n<\/p><\/div><\/div>\t\t\t\t<\/div>\n\t\t\t\t<\/div>\n\t\t\t\t\t<\/div>\n\t\t<\/div>\n\t\t\t\t<div class=\"elementor-column elementor-col-33 elementor-top-column elementor-element elementor-element-14054e32\" data-id=\"14054e32\" data-element_type=\"column\" data-e-type=\"column\">\n\t\t\t<div class=\"elementor-widget-wrap elementor-element-populated\">\n\t\t\t\t\t\t<div class=\"elementor-element elementor-element-48646a38 elementor-position-top elementor-widget elementor-widget-image-box\" data-id=\"48646a38\" data-element_type=\"widget\" data-e-type=\"widget\" data-widget_type=\"image-box.default\">\n\t\t\t\t<div class=\"elementor-widget-container\">\n\t\t\t\t\t<div class=\"elementor-image-box-wrapper\"><figure class=\"elementor-image-box-img\"><img loading=\"lazy\" decoding=\"async\" width=\"724\" height=\"706\" src=\"https:\/\/fantazie.net\/wp-content\/uploads\/2021\/12\/Tynka-1.jpg\" class=\"attachment-full size-full wp-image-298\" alt=\"\" srcset=\"https:\/\/fantazie.net\/wp-content\/uploads\/2021\/12\/Tynka-1.jpg 724w, https:\/\/fantazie.net\/wp-content\/uploads\/2021\/12\/Tynka-1-300x293.jpg 300w\" sizes=\"(max-width: 724px) 100vw, 724px\" \/><\/figure><div class=\"elementor-image-box-content\"><h3 class=\"elementor-image-box-title\">T\u00fdnka<\/h3><p class=\"elementor-image-box-description\">Vedouc\u00ed, Zdravotnice\n<\/p><\/div><\/div>\t\t\t\t<\/div>\n\t\t\t\t<\/div>\n\t\t\t\t\t<\/div>\n\t\t<\/div>\n\t\t\t\t\t<\/div>\n\t\t<\/section>\n\t\t\t\t<section class=\"elementor-section elementor-top-section elementor-element elementor-element-18d9317 elementor-section-boxed elementor-section-height-default elementor-section-height-default\" data-id=\"18d9317\" data-element_type=\"section\" data-e-type=\"section\">\n\t\t\t\t\t\t<div class=\"elementor-container elementor-column-gap-default\">\n\t\t\t\t\t<div class=\"elementor-column elementor-col-100 elementor-top-column elementor-element elementor-element-42822d1\" data-id=\"42822d1\" data-element_type=\"column\" data-e-type=\"column\">\n\t\t\t<div class=\"elementor-widget-wrap elementor-element-populated\">\n\t\t\t\t\t\t<div class=\"elementor-element elementor-element-3eede990 elementor-position-top elementor-widget elementor-widget-image-box\" data-id=\"3eede990\" data-element_type=\"widget\" data-e-type=\"widget\" data-widget_type=\"image-box.default\">\n\t\t\t\t<div class=\"elementor-widget-container\">\n\t\t\t\t\t<div class=\"elementor-image-box-wrapper\"><figure class=\"elementor-image-box-img\"><img loading=\"lazy\" decoding=\"async\" width=\"283\" height=\"364\" src=\"https:\/\/fantazie.net\/wp-content\/uploads\/2021\/12\/Jenda-1.jpg\" class=\"attachment-full size-full wp-image-288\" alt=\"\" srcset=\"https:\/\/fantazie.net\/wp-content\/uploads\/2021\/12\/Jenda-1.jpg 283w, https:\/\/fantazie.net\/wp-content\/uploads\/2021\/12\/Jenda-1-233x300.jpg 233w\" sizes=\"(max-width: 283px) 100vw, 283px\" \/><\/figure><div class=\"elementor-image-box-content\"><h3 class=\"elementor-image-box-title\">Jenda<\/h3><p class=\"elementor-image-box-description\">Vedouc\u00ed\n<\/p><\/div><\/div>\t\t\t\t<\/div>\n\t\t\t\t<\/div>\n\t\t\t\t\t<\/div>\n\t\t<\/div>\n\t\t\t\t\t<\/div>\n\t\t<\/section>\n\t\t\t\t<\/div>\n\t\t","protected":false},"excerpt":{"rendered":"<p>Fotky z t\u00e1bora Kocourkiv II Pr\u00e1zdniny jsou od toho, aby se u\u017e\u00edvaly, ale tak\u00e9 existuje jedno r\u010den\u00ed: \u201cKdy\u017e jsem jedin\u00fd, kdo pomoct m\u016f\u017ee, tak prost\u011b mus\u00edm.\u201c A my v tom sice nejsme sami, ale jsme jedin\u00ed, kte\u0159\u00ed si za\u010d\u00ednaj\u00ed podivnost\u00ed na tomto sv\u011bt\u011b v\u0161\u00edmat. Budeme si u\u017e\u00edvat l\u00e9ta, ani\u017e bychom zakro\u010dili proti neviditeln\u00e9mu nep\u0159\u00edteli? Anebo [&hellip;]<\/p>\n","protected":false},"author":2,"featured_media":0,"parent":0,"menu_order":0,"comment_status":"closed","ping_status":"closed","template":"","meta":{"ocean_post_layout":"full-screen","ocean_both_sidebars_style":"","ocean_both_sidebars_content_width":0,"ocean_both_sidebars_sidebars_width":0,"ocean_sidebar":"0","ocean_second_sidebar":"0","ocean_disable_margins":"enable","ocean_add_body_class":"","ocean_shortcode_before_top_bar":"","ocean_shortcode_after_top_bar":"","ocean_shortcode_before_header":"","ocean_shortcode_after_header":"","ocean_has_shortcode":"","ocean_shortcode_after_title":"","ocean_shortcode_before_footer_widgets":"","ocean_shortcode_after_footer_widgets":"","ocean_shortcode_before_footer_bottom":"","ocean_shortcode_after_footer_bottom":"","ocean_display_top_bar":"off","ocean_display_header":"on","ocean_header_style":"","ocean_center_header_left_menu":"0","ocean_custom_header_template":"0","ocean_custom_logo":0,"ocean_custom_retina_logo":0,"ocean_custom_logo_max_width":0,"ocean_custom_logo_tablet_max_width":0,"ocean_custom_logo_mobile_max_width":0,"ocean_custom_logo_max_height":0,"ocean_custom_logo_tablet_max_height":0,"ocean_custom_logo_mobile_max_height":0,"ocean_header_custom_menu":"0","ocean_menu_typo_font_family":"0","ocean_menu_typo_font_subset":"","ocean_menu_typo_font_size":0,"ocean_menu_typo_font_size_tablet":0,"ocean_menu_typo_font_size_mobile":0,"ocean_menu_typo_font_size_unit":"px","ocean_menu_typo_font_weight":"","ocean_menu_typo_font_weight_tablet":"","ocean_menu_typo_font_weight_mobile":"","ocean_menu_typo_transform":"","ocean_menu_typo_transform_tablet":"","ocean_menu_typo_transform_mobile":"","ocean_menu_typo_line_height":0,"ocean_menu_typo_line_height_tablet":0,"ocean_menu_typo_line_height_mobile":0,"ocean_menu_typo_line_height_unit":"","ocean_menu_typo_spacing":0,"ocean_menu_typo_spacing_tablet":0,"ocean_menu_typo_spacing_mobile":0,"ocean_menu_typo_spacing_unit":"","ocean_menu_link_color":"","ocean_menu_link_color_hover":"","ocean_menu_link_color_active":"","ocean_menu_link_background":"","ocean_menu_link_hover_background":"","ocean_menu_link_active_background":"","ocean_menu_social_links_bg":"","ocean_menu_social_hover_links_bg":"","ocean_menu_social_links_color":"","ocean_menu_social_hover_links_color":"","ocean_disable_title":"default","ocean_disable_heading":"default","ocean_post_title":"","ocean_post_subheading":"","ocean_post_title_style":"","ocean_post_title_background_color":"","ocean_post_title_background":0,"ocean_post_title_bg_image_position":"","ocean_post_title_bg_image_attachment":"","ocean_post_title_bg_image_repeat":"","ocean_post_title_bg_image_size":"","ocean_post_title_height":0,"ocean_post_title_bg_overlay":0.5,"ocean_post_title_bg_overlay_color":"","ocean_disable_breadcrumbs":"default","ocean_breadcrumbs_color":"","ocean_breadcrumbs_separator_color":"","ocean_breadcrumbs_links_color":"","ocean_breadcrumbs_links_hover_color":"","ocean_display_footer_widgets":"off","ocean_display_footer_bottom":"off","ocean_custom_footer_template":"0","footnotes":""},"class_list":["post-247","page","type-page","status-publish","hentry","entry"],"_links":{"self":[{"href":"https:\/\/fantazie.net\/index.php\/wp-json\/wp\/v2\/pages\/247","targetHints":{"allow":["GET"]}}],"collection":[{"href":"https:\/\/fantazie.net\/index.php\/wp-json\/wp\/v2\/pages"}],"about":[{"href":"https:\/\/fantazie.net\/index.php\/wp-json\/wp\/v2\/types\/page"}],"author":[{"embeddable":true,"href":"https:\/\/fantazie.net\/index.php\/wp-json\/wp\/v2\/users\/2"}],"replies":[{"embeddable":true,"href":"https:\/\/fantazie.net\/index.php\/wp-json\/wp\/v2\/comments?post=247"}],"version-history":[{"count":3,"href":"https:\/\/fantazie.net\/index.php\/wp-json\/wp\/v2\/pages\/247\/revisions"}],"predecessor-version":[{"id":1669,"href":"https:\/\/fantazie.net\/index.php\/wp-json\/wp\/v2\/pages\/247\/revisions\/1669"}],"wp:attachment":[{"href":"https:\/\/fantazie.net\/index.php\/wp-json\/wp\/v2\/media?parent=247"}],"curies":[{"name":"wp","href":"https:\/\/api.w.org\/{rel}","templated":true}]}}